{"id":341783,"date":"2024-03-01T20:45:53","date_gmt":"2024-03-01T19:45:53","guid":{"rendered":"https:\/\/gajostest.a2hosted.com\/eshop\/stanmore-new-mikina\/"},"modified":"2026-04-29T21:40:47","modified_gmt":"2026-04-29T19:40:47","slug":"stanmore-new-mikina","status":"publish","type":"product","link":"https:\/\/gajos.sk\/eshop\/p\/stanmore-new-mikina\/","title":{"rendered":"STANMORE NEW mikina"},"content":{"rendered":"","protected":false},"excerpt":{"rendered":"<p>mikina s\u00a0kapuc\u0148ou so s\u0165ahovan\u00edm na\u00a0\u0161n\u00farku spodn\u00fd lem a\u00a0man\u017eety ruk\u00e1vov s\u00fa z\u00a0extra \u0161irok\u00e9ho pleten\u00e9ho \u00fapletu s\u00a0pr\u00edmesou elastanu<\/p>\n","protected":false},"featured_media":341785,"template":"","meta":{"_acf_changed":false,"inline_featured_image":false},"product_brand":[],"product_cat":[2160,2121],"product_tag":[1343],"class_list":{"0":"post-341783","1":"product","2":"type-product","3":"status-publish","4":"has-post-thumbnail","6":"product_cat-mikiny-svetre-vesty","7":"product_cat-odevy","8":"product_tag-australian-line","9":"pa_farba-modra","10":"pa_farba-tm-hneda","11":"pa_farba-zelena-cierna","12":"pa_velkost-xl","13":"pa_velkost-l","14":"pa_velkost-m","15":"pa_velkost-s","16":"pa_velkost-3xl","17":"pa_velkost-xxl","19":"first","20":"instock","21":"taxable","22":"shipping-taxable","23":"purchasable","24":"product-type-variable"},"acf":[],"_links":{"self":[{"href":"https:\/\/gajos.sk\/eshop\/wp-json\/wp\/v2\/product\/341783","targetHints":{"allow":["GET"]}}],"collection":[{"href":"https:\/\/gajos.sk\/eshop\/wp-json\/wp\/v2\/product"}],"about":[{"href":"https:\/\/gajos.sk\/eshop\/wp-json\/wp\/v2\/types\/product"}],"wp:featuredmedia":[{"embeddable":true,"href":"https:\/\/gajos.sk\/eshop\/wp-json\/wp\/v2\/media\/341785"}],"wp:attachment":[{"href":"https:\/\/gajos.sk\/eshop\/wp-json\/wp\/v2\/media?parent=341783"}],"wp:term":[{"taxonomy":"product_brand","embeddable":true,"href":"https:\/\/gajos.sk\/eshop\/wp-json\/wp\/v2\/product_brand?post=341783"},{"taxonomy":"product_cat","embeddable":true,"href":"https:\/\/gajos.sk\/eshop\/wp-json\/wp\/v2\/product_cat?post=341783"},{"taxonomy":"product_tag","embeddable":true,"href":"https:\/\/gajos.sk\/eshop\/wp-json\/wp\/v2\/product_tag?post=341783"}],"curies":[{"name":"wp","href":"https:\/\/api.w.org\/{rel}","templated":true}]}}