{"id":341743,"date":"2024-03-01T20:45:41","date_gmt":"2024-03-01T19:45:41","guid":{"rendered":"https:\/\/gajostest.a2hosted.com\/eshop\/emerton-mikina-s-kapucnou\/"},"modified":"2026-04-29T21:40:47","modified_gmt":"2026-04-29T19:40:47","slug":"emerton-mikina-s-kapucnou","status":"publish","type":"product","link":"https:\/\/gajos.sk\/eshop\/p\/emerton-mikina-s-kapucnou\/","title":{"rendered":"EMERTON mikina s kapuc\u0148ou"},"content":{"rendered":"","protected":false},"excerpt":{"rendered":"<p>P\u00e1nska mikina s kapuc\u0148ou.<\/p>\n","protected":false},"featured_media":341745,"template":"","meta":{"_acf_changed":false,"inline_featured_image":false},"product_brand":[],"product_cat":[2160,2121],"product_tag":[1343],"class_list":{"0":"post-341743","1":"product","2":"type-product","3":"status-publish","4":"has-post-thumbnail","6":"product_cat-mikiny-svetre-vesty","7":"product_cat-odevy","8":"product_tag-australian-line","9":"pa_farba-cierna","10":"pa_velkost-xl","11":"pa_velkost-l","12":"pa_velkost-m","13":"pa_velkost-s","14":"pa_velkost-3xl","15":"pa_velkost-xxl","17":"first","18":"instock","19":"taxable","20":"shipping-taxable","21":"purchasable","22":"product-type-variable"},"acf":[],"_links":{"self":[{"href":"https:\/\/gajos.sk\/eshop\/wp-json\/wp\/v2\/product\/341743","targetHints":{"allow":["GET"]}}],"collection":[{"href":"https:\/\/gajos.sk\/eshop\/wp-json\/wp\/v2\/product"}],"about":[{"href":"https:\/\/gajos.sk\/eshop\/wp-json\/wp\/v2\/types\/product"}],"wp:featuredmedia":[{"embeddable":true,"href":"https:\/\/gajos.sk\/eshop\/wp-json\/wp\/v2\/media\/341745"}],"wp:attachment":[{"href":"https:\/\/gajos.sk\/eshop\/wp-json\/wp\/v2\/media?parent=341743"}],"wp:term":[{"taxonomy":"product_brand","embeddable":true,"href":"https:\/\/gajos.sk\/eshop\/wp-json\/wp\/v2\/product_brand?post=341743"},{"taxonomy":"product_cat","embeddable":true,"href":"https:\/\/gajos.sk\/eshop\/wp-json\/wp\/v2\/product_cat?post=341743"},{"taxonomy":"product_tag","embeddable":true,"href":"https:\/\/gajos.sk\/eshop\/wp-json\/wp\/v2\/product_tag?post=341743"}],"curies":[{"name":"wp","href":"https:\/\/api.w.org\/{rel}","templated":true}]}}