{"id":341699,"date":"2024-03-01T20:45:29","date_gmt":"2024-03-01T19:45:29","guid":{"rendered":"https:\/\/gajostest.a2hosted.com\/eshop\/tours-mikina\/"},"modified":"2026-05-07T21:32:27","modified_gmt":"2026-05-07T19:32:27","slug":"tours-mikina","status":"publish","type":"product","link":"https:\/\/gajos.sk\/eshop\/p\/tours-mikina\/","title":{"rendered":"TOURS mikina"},"content":{"rendered":"","protected":false},"excerpt":{"rendered":"<p>Kvalitn\u00e1 pracovn\u00e1 mikina. Vhodn\u00e1 pre potla\u010d a v\u00fd\u0161ivku, 280 g\/m2.<\/p>\n","protected":false},"featured_media":341701,"template":"","meta":{"_acf_changed":false,"inline_featured_image":false},"product_brand":[],"product_cat":[2160,2121],"product_tag":[1179],"class_list":{"0":"post-341699","1":"product","2":"type-product","3":"status-publish","4":"has-post-thumbnail","6":"product_cat-mikiny-svetre-vesty","7":"product_cat-odevy","8":"product_tag-cerva","9":"pa_farba-navy","10":"pa_farba-cervena","11":"pa_farba-cierna","12":"pa_farba-royal-modra","13":"pa_farba-biela","14":"pa_farba-flas-zelena","15":"pa_farba-kamenne-siva","16":"pa_velkost-6xl","17":"pa_velkost-m","18":"pa_velkost-s","19":"pa_velkost-3xl","20":"pa_velkost-xxl","21":"pa_velkost-5xl","22":"pa_velkost-4xl","23":"pa_velkost-xl","24":"pa_velkost-l","26":"first","27":"instock","28":"taxable","29":"shipping-taxable","30":"purchasable","31":"product-type-variable"},"acf":[],"_links":{"self":[{"href":"https:\/\/gajos.sk\/eshop\/wp-json\/wp\/v2\/product\/341699","targetHints":{"allow":["GET"]}}],"collection":[{"href":"https:\/\/gajos.sk\/eshop\/wp-json\/wp\/v2\/product"}],"about":[{"href":"https:\/\/gajos.sk\/eshop\/wp-json\/wp\/v2\/types\/product"}],"wp:featuredmedia":[{"embeddable":true,"href":"https:\/\/gajos.sk\/eshop\/wp-json\/wp\/v2\/media\/341701"}],"wp:attachment":[{"href":"https:\/\/gajos.sk\/eshop\/wp-json\/wp\/v2\/media?parent=341699"}],"wp:term":[{"taxonomy":"product_brand","embeddable":true,"href":"https:\/\/gajos.sk\/eshop\/wp-json\/wp\/v2\/product_brand?post=341699"},{"taxonomy":"product_cat","embeddable":true,"href":"https:\/\/gajos.sk\/eshop\/wp-json\/wp\/v2\/product_cat?post=341699"},{"taxonomy":"product_tag","embeddable":true,"href":"https:\/\/gajos.sk\/eshop\/wp-json\/wp\/v2\/product_tag?post=341699"}],"curies":[{"name":"wp","href":"https:\/\/api.w.org\/{rel}","templated":true}]}}