{"id":341648,"date":"2024-03-01T20:45:16","date_gmt":"2024-03-01T19:45:16","guid":{"rendered":"https:\/\/gajostest.a2hosted.com\/eshop\/banar-polokosela\/"},"modified":"2026-05-07T21:32:27","modified_gmt":"2026-05-07T19:32:27","slug":"banar-polokosela","status":"publish","type":"product","link":"https:\/\/gajos.sk\/eshop\/p\/banar-polokosela\/","title":{"rendered":"BANAR poloko\u0161e\u013ea"},"content":{"rendered":"","protected":false},"excerpt":{"rendered":"<p>p\u00e1nska poloko\u0161e\u013ea s kr\u00e1tkym ruk\u00e1vom, zap\u00ednanie na 3 gomb\u00edky, golier a ruk\u00e1vy zakon\u010den\u00e9 rebrov\u00fdm \u00fapletom<\/p>\n","protected":false},"featured_media":341650,"template":"","meta":{"_acf_changed":false,"inline_featured_image":false},"product_brand":[],"product_cat":[2165,2121,2135],"product_tag":[1179],"class_list":{"0":"post-341648","1":"product","2":"type-product","3":"status-publish","4":"has-post-thumbnail","6":"product_cat-polokosele","7":"product_cat-odevy","8":"product_cat-tricka-a-kosele","9":"product_tag-cerva","10":"pa_farba-royal-modra","11":"pa_farba-siva","12":"pa_farba-tm-zelena","13":"pa_farba-biela","14":"pa_farba-navy","15":"pa_farba-cervena","16":"pa_farba-cierna","17":"pa_velkost-xl","18":"pa_velkost-l","19":"pa_velkost-m","20":"pa_velkost-s","21":"pa_velkost-3xl","22":"pa_velkost-xxl","23":"pa_velkost-xs","25":"first","26":"instock","27":"taxable","28":"shipping-taxable","29":"purchasable","30":"product-type-variable"},"acf":[],"_links":{"self":[{"href":"https:\/\/gajos.sk\/eshop\/wp-json\/wp\/v2\/product\/341648","targetHints":{"allow":["GET"]}}],"collection":[{"href":"https:\/\/gajos.sk\/eshop\/wp-json\/wp\/v2\/product"}],"about":[{"href":"https:\/\/gajos.sk\/eshop\/wp-json\/wp\/v2\/types\/product"}],"wp:featuredmedia":[{"embeddable":true,"href":"https:\/\/gajos.sk\/eshop\/wp-json\/wp\/v2\/media\/341650"}],"wp:attachment":[{"href":"https:\/\/gajos.sk\/eshop\/wp-json\/wp\/v2\/media?parent=341648"}],"wp:term":[{"taxonomy":"product_brand","embeddable":true,"href":"https:\/\/gajos.sk\/eshop\/wp-json\/wp\/v2\/product_brand?post=341648"},{"taxonomy":"product_cat","embeddable":true,"href":"https:\/\/gajos.sk\/eshop\/wp-json\/wp\/v2\/product_cat?post=341648"},{"taxonomy":"product_tag","embeddable":true,"href":"https:\/\/gajos.sk\/eshop\/wp-json\/wp\/v2\/product_tag?post=341648"}],"curies":[{"name":"wp","href":"https:\/\/api.w.org\/{rel}","templated":true}]}}