{"id":341590,"date":"2024-03-01T20:44:02","date_gmt":"2024-03-01T19:44:02","guid":{"rendered":"https:\/\/gajostest.a2hosted.com\/eshop\/jaen-hv-polokosela\/"},"modified":"2026-05-07T21:32:26","modified_gmt":"2026-05-07T19:32:26","slug":"jaen-hv-polokosela","status":"publish","type":"product","link":"https:\/\/gajos.sk\/eshop\/p\/jaen-hv-polokosela\/","title":{"rendered":"JAEN HV poloko\u0161e\u013ea"},"content":{"rendered":"","protected":false},"excerpt":{"rendered":"<p>p\u00e1nska full Hi-Vis poloko\u0161e\u013ea s reflexn\u00fdmi doplnkami cez ramen\u00e1 a v bokoch o ve\u013ekosti 5 cm, zap\u00ednanie na 3 gomb\u00edky, 1 n\u00e1prsn\u00e9 vrecko, rebrovan\u00fd golier a lemy ruk\u00e1vov<\/p>\n","protected":false},"featured_media":341592,"template":"","meta":{"_acf_changed":false,"inline_featured_image":false},"product_brand":[],"product_cat":[2165,2121,2135],"product_tag":[1179],"class_list":{"0":"post-341590","1":"product","2":"type-product","3":"status-publish","4":"has-post-thumbnail","6":"product_cat-polokosele","7":"product_cat-odevy","8":"product_cat-tricka-a-kosele","9":"product_tag-cerva","10":"pa_farba-zlta","11":"pa_farba-oranzova","12":"pa_velkost-xxl","13":"pa_velkost-5xl","14":"pa_velkost-4xl","15":"pa_velkost-xs","16":"pa_velkost-xl","17":"pa_velkost-l","18":"pa_velkost-m","19":"pa_velkost-s","20":"pa_velkost-3xl","22":"first","23":"instock","24":"taxable","25":"shipping-taxable","26":"purchasable","27":"product-type-variable"},"acf":[],"_links":{"self":[{"href":"https:\/\/gajos.sk\/eshop\/wp-json\/wp\/v2\/product\/341590","targetHints":{"allow":["GET"]}}],"collection":[{"href":"https:\/\/gajos.sk\/eshop\/wp-json\/wp\/v2\/product"}],"about":[{"href":"https:\/\/gajos.sk\/eshop\/wp-json\/wp\/v2\/types\/product"}],"wp:featuredmedia":[{"embeddable":true,"href":"https:\/\/gajos.sk\/eshop\/wp-json\/wp\/v2\/media\/341592"}],"wp:attachment":[{"href":"https:\/\/gajos.sk\/eshop\/wp-json\/wp\/v2\/media?parent=341590"}],"wp:term":[{"taxonomy":"product_brand","embeddable":true,"href":"https:\/\/gajos.sk\/eshop\/wp-json\/wp\/v2\/product_brand?post=341590"},{"taxonomy":"product_cat","embeddable":true,"href":"https:\/\/gajos.sk\/eshop\/wp-json\/wp\/v2\/product_cat?post=341590"},{"taxonomy":"product_tag","embeddable":true,"href":"https:\/\/gajos.sk\/eshop\/wp-json\/wp\/v2\/product_tag?post=341590"}],"curies":[{"name":"wp","href":"https:\/\/api.w.org\/{rel}","templated":true}]}}