{"id":341398,"date":"2024-03-01T20:43:12","date_gmt":"2024-03-01T19:43:12","guid":{"rendered":"https:\/\/gajostest.a2hosted.com\/eshop\/dhanu-polokosela\/"},"modified":"2026-05-07T21:32:26","modified_gmt":"2026-05-07T19:32:26","slug":"dhanu-polokosela","status":"publish","type":"product","link":"https:\/\/gajos.sk\/eshop\/p\/dhanu-polokosela\/","title":{"rendered":"DHANU poloko\u0161e\u013ea"},"content":{"rendered":"","protected":false},"excerpt":{"rendered":"<p>Poloko\u0161e\u013ea s kr\u00e1tkym ruk\u00e1vom. Vhodn\u00e1 pre potla\u010d a v\u00fd\u0161ivku, 190 g\/m2.<\/p>\n","protected":false},"featured_media":341400,"template":"","meta":{"_acf_changed":false,"inline_featured_image":false},"product_brand":[],"product_cat":[2165,2121,2135],"product_tag":[1179],"class_list":{"0":"post-341398","1":"product","2":"type-product","3":"status-publish","4":"has-post-thumbnail","6":"product_cat-polokosele","7":"product_cat-odevy","8":"product_cat-tricka-a-kosele","9":"product_tag-cerva","10":"pa_farba-navy","11":"pa_farba-parizska-modra","12":"pa_farba-cervena","13":"pa_farba-olivova","14":"pa_farba-belasa","15":"pa_farba-cierna","16":"pa_farba-malachitova","17":"pa_farba-siva","18":"pa_farba-bordo","19":"pa_farba-oranzova","20":"pa_farba-tm-hneda","21":"pa_farba-biela","22":"pa_farba-royal-modra","23":"pa_farba-nebeska-modra","24":"pa_farba-antracit","25":"pa_farba-kamenne-siva","26":"pa_farba-gastanova","27":"pa_farba-pacific","28":"pa_farba-zelena","29":"pa_farba-travovo-zelena","30":"pa_farba-zlta","31":"pa_velkost-3xl","32":"pa_velkost-xxl","33":"pa_velkost-xl","34":"pa_velkost-l","35":"pa_velkost-m","36":"pa_velkost-s","38":"first","39":"instock","40":"taxable","41":"shipping-taxable","42":"purchasable","43":"product-type-variable"},"acf":[],"_links":{"self":[{"href":"https:\/\/gajos.sk\/eshop\/wp-json\/wp\/v2\/product\/341398","targetHints":{"allow":["GET"]}}],"collection":[{"href":"https:\/\/gajos.sk\/eshop\/wp-json\/wp\/v2\/product"}],"about":[{"href":"https:\/\/gajos.sk\/eshop\/wp-json\/wp\/v2\/types\/product"}],"wp:featuredmedia":[{"embeddable":true,"href":"https:\/\/gajos.sk\/eshop\/wp-json\/wp\/v2\/media\/341400"}],"wp:attachment":[{"href":"https:\/\/gajos.sk\/eshop\/wp-json\/wp\/v2\/media?parent=341398"}],"wp:term":[{"taxonomy":"product_brand","embeddable":true,"href":"https:\/\/gajos.sk\/eshop\/wp-json\/wp\/v2\/product_brand?post=341398"},{"taxonomy":"product_cat","embeddable":true,"href":"https:\/\/gajos.sk\/eshop\/wp-json\/wp\/v2\/product_cat?post=341398"},{"taxonomy":"product_tag","embeddable":true,"href":"https:\/\/gajos.sk\/eshop\/wp-json\/wp\/v2\/product_tag?post=341398"}],"curies":[{"name":"wp","href":"https:\/\/api.w.org\/{rel}","templated":true}]}}