{"id":341375,"date":"2024-03-01T20:43:06","date_gmt":"2024-03-01T19:43:06","guid":{"rendered":"https:\/\/gajostest.a2hosted.com\/eshop\/rupsa-rflx-tricko\/"},"modified":"2026-05-07T21:32:26","modified_gmt":"2026-05-07T19:32:26","slug":"rupsa-rflx-tricko","status":"publish","type":"product","link":"https:\/\/gajos.sk\/eshop\/p\/rupsa-rflx-tricko\/","title":{"rendered":"RUPSA RFLX tri\u010dko"},"content":{"rendered":"","protected":false},"excerpt":{"rendered":"<p>unisex bavlnen\u00e9 tri\u010dko s tla\u010den\u00fdmi reflexn\u00fdmi segmentovan\u00fdmi pruhmi cez hru\u010f.<\/p>\n","protected":false},"featured_media":341377,"template":"","meta":{"_acf_changed":false,"inline_featured_image":false},"product_brand":[],"product_cat":[2121,2135],"product_tag":[1179],"class_list":{"0":"post-341375","1":"product","2":"type-product","3":"status-publish","4":"has-post-thumbnail","6":"product_cat-odevy","7":"product_cat-tricka-a-kosele","8":"product_tag-cerva","9":"pa_farba-oranzova","10":"pa_farba-royal-modra","11":"pa_farba-cierna","12":"pa_velkost-xl","13":"pa_velkost-l","14":"pa_velkost-m","15":"pa_velkost-s","16":"pa_velkost-3xl","17":"pa_velkost-xxl","18":"pa_velkost-4xl","20":"first","21":"instock","22":"taxable","23":"shipping-taxable","24":"purchasable","25":"product-type-variable"},"acf":[],"_links":{"self":[{"href":"https:\/\/gajos.sk\/eshop\/wp-json\/wp\/v2\/product\/341375","targetHints":{"allow":["GET"]}}],"collection":[{"href":"https:\/\/gajos.sk\/eshop\/wp-json\/wp\/v2\/product"}],"about":[{"href":"https:\/\/gajos.sk\/eshop\/wp-json\/wp\/v2\/types\/product"}],"wp:featuredmedia":[{"embeddable":true,"href":"https:\/\/gajos.sk\/eshop\/wp-json\/wp\/v2\/media\/341377"}],"wp:attachment":[{"href":"https:\/\/gajos.sk\/eshop\/wp-json\/wp\/v2\/media?parent=341375"}],"wp:term":[{"taxonomy":"product_brand","embeddable":true,"href":"https:\/\/gajos.sk\/eshop\/wp-json\/wp\/v2\/product_brand?post=341375"},{"taxonomy":"product_cat","embeddable":true,"href":"https:\/\/gajos.sk\/eshop\/wp-json\/wp\/v2\/product_cat?post=341375"},{"taxonomy":"product_tag","embeddable":true,"href":"https:\/\/gajos.sk\/eshop\/wp-json\/wp\/v2\/product_tag?post=341375"}],"curies":[{"name":"wp","href":"https:\/\/api.w.org\/{rel}","templated":true}]}}