{"id":340989,"date":"2024-03-01T20:39:16","date_gmt":"2024-03-01T19:39:16","guid":{"rendered":"https:\/\/gajostest.a2hosted.com\/eshop\/rovito-hv-tricko\/"},"modified":"2026-04-15T21:36:43","modified_gmt":"2026-04-15T19:36:43","slug":"rovito-hv-tricko","status":"publish","type":"product","link":"https:\/\/gajos.sk\/eshop\/p\/rovito-hv-tricko\/","title":{"rendered":"Rovito HV tri\u010dko"},"content":{"rendered":"","protected":false},"excerpt":{"rendered":"<p>hi-vis tri\u010dko so \u0161peci\u00e1lnymi panelmi z materi\u00e1lu Mesh v podpazu\u0161\u00ed; ve\u013emi n\u00edzka v\u00e1ha; na\u017eehlen\u00e9 segmentov\u00e9 retro-reflexn\u00e9 pruhy; anti-bakteri\u00e1lna \u00faprava materi\u00e1lu<\/p>\n","protected":false},"featured_media":340991,"template":"","meta":{"_acf_changed":false,"inline_featured_image":false},"product_brand":[],"product_cat":[2121,2135],"product_tag":[1238],"class_list":{"0":"post-340989","1":"product","2":"type-product","3":"status-publish","4":"has-post-thumbnail","6":"product_cat-odevy","7":"product_cat-tricka-a-kosele","8":"product_tag-sioen","9":"pa_farba-hv-oranzova","10":"pa_farba-hv-zlta","11":"pa_velkost-s","12":"pa_velkost-3xl","13":"pa_velkost-xxl","14":"pa_velkost-xl","15":"pa_velkost-l","16":"pa_velkost-m","18":"first","19":"instock","20":"taxable","21":"shipping-taxable","22":"product-type-variable"},"acf":[],"_links":{"self":[{"href":"https:\/\/gajos.sk\/eshop\/wp-json\/wp\/v2\/product\/340989","targetHints":{"allow":["GET"]}}],"collection":[{"href":"https:\/\/gajos.sk\/eshop\/wp-json\/wp\/v2\/product"}],"about":[{"href":"https:\/\/gajos.sk\/eshop\/wp-json\/wp\/v2\/types\/product"}],"wp:featuredmedia":[{"embeddable":true,"href":"https:\/\/gajos.sk\/eshop\/wp-json\/wp\/v2\/media\/340991"}],"wp:attachment":[{"href":"https:\/\/gajos.sk\/eshop\/wp-json\/wp\/v2\/media?parent=340989"}],"wp:term":[{"taxonomy":"product_brand","embeddable":true,"href":"https:\/\/gajos.sk\/eshop\/wp-json\/wp\/v2\/product_brand?post=340989"},{"taxonomy":"product_cat","embeddable":true,"href":"https:\/\/gajos.sk\/eshop\/wp-json\/wp\/v2\/product_cat?post=340989"},{"taxonomy":"product_tag","embeddable":true,"href":"https:\/\/gajos.sk\/eshop\/wp-json\/wp\/v2\/product_tag?post=340989"}],"curies":[{"name":"wp","href":"https:\/\/api.w.org\/{rel}","templated":true}]}}