{"id":340856,"date":"2024-03-01T20:37:34","date_gmt":"2024-03-01T19:37:34","guid":{"rendered":"https:\/\/gajostest.a2hosted.com\/eshop\/crambe-triko\/"},"modified":"2026-04-25T21:38:44","modified_gmt":"2026-04-25T19:38:44","slug":"crambe-triko","status":"publish","type":"product","link":"https:\/\/gajos.sk\/eshop\/p\/crambe-triko\/","title":{"rendered":"CRAMBE triko"},"content":{"rendered":"","protected":false},"excerpt":{"rendered":"<p>\u2022 p\u00e1nske tri\u010dko zo 100% bavlnen\u00e9ho \u00fapletu potla\u010den\u00e9 Crambe vzorom<\/p>\n","protected":false},"featured_media":340858,"template":"","meta":{"_acf_changed":false,"inline_featured_image":false},"product_brand":[],"product_cat":[2121,2135],"product_tag":[1244],"class_list":{"0":"post-340856","1":"product","2":"type-product","3":"status-publish","4":"has-post-thumbnail","6":"product_cat-odevy","7":"product_cat-tricka-a-kosele","8":"product_tag-crv","9":"pa_farba-camouflage","10":"pa_farba-bezova-kamuflaz","11":"pa_farba-siva-kamuflaz","12":"pa_velkost-xl","13":"pa_velkost-l","14":"pa_velkost-m","15":"pa_velkost-s","16":"pa_velkost-3xl","17":"pa_velkost-xxl","18":"pa_velkost-xs","20":"first","21":"instock","22":"taxable","23":"shipping-taxable","24":"purchasable","25":"product-type-variable"},"acf":[],"_links":{"self":[{"href":"https:\/\/gajos.sk\/eshop\/wp-json\/wp\/v2\/product\/340856","targetHints":{"allow":["GET"]}}],"collection":[{"href":"https:\/\/gajos.sk\/eshop\/wp-json\/wp\/v2\/product"}],"about":[{"href":"https:\/\/gajos.sk\/eshop\/wp-json\/wp\/v2\/types\/product"}],"wp:featuredmedia":[{"embeddable":true,"href":"https:\/\/gajos.sk\/eshop\/wp-json\/wp\/v2\/media\/340858"}],"wp:attachment":[{"href":"https:\/\/gajos.sk\/eshop\/wp-json\/wp\/v2\/media?parent=340856"}],"wp:term":[{"taxonomy":"product_brand","embeddable":true,"href":"https:\/\/gajos.sk\/eshop\/wp-json\/wp\/v2\/product_brand?post=340856"},{"taxonomy":"product_cat","embeddable":true,"href":"https:\/\/gajos.sk\/eshop\/wp-json\/wp\/v2\/product_cat?post=340856"},{"taxonomy":"product_tag","embeddable":true,"href":"https:\/\/gajos.sk\/eshop\/wp-json\/wp\/v2\/product_tag?post=340856"}],"curies":[{"name":"wp","href":"https:\/\/api.w.org\/{rel}","templated":true}]}}