{"id":340343,"date":"2024-03-01T20:33:17","date_gmt":"2024-03-01T19:33:17","guid":{"rendered":"https:\/\/gajostest.a2hosted.com\/eshop\/edge-esd-tricko\/"},"modified":"2026-04-11T17:52:14","modified_gmt":"2026-04-11T15:52:14","slug":"edge-esd-tricko","status":"publish","type":"product","link":"https:\/\/gajos.sk\/eshop\/p\/edge-esd-tricko\/","title":{"rendered":"EDGE ESD tri\u010dko"},"content":{"rendered":"","protected":false},"excerpt":{"rendered":"<p>ESD ochrann\u00e9 tri\u010dko s kr\u00e1tkym ruk\u00e1vom.<\/p>\n","protected":false},"featured_media":340345,"template":"","meta":{"_acf_changed":false,"inline_featured_image":false},"product_brand":[],"product_cat":[2121,2135],"product_tag":[1353],"class_list":{"0":"post-340343","1":"product","2":"type-product","3":"status-publish","4":"has-post-thumbnail","6":"product_cat-odevy","7":"product_cat-tricka-a-kosele","8":"product_tag-profesional","9":"pa_farba-zelena","10":"pa_farba-biela","11":"pa_farba-royal-modra","12":"pa_farba-navy","13":"pa_velkost-5xl","14":"pa_velkost-4xl","15":"pa_velkost-xs","16":"pa_velkost-xl","17":"pa_velkost-l","18":"pa_velkost-m","19":"pa_velkost-s","20":"pa_velkost-3xl","21":"pa_velkost-xxl","23":"first","24":"instock","25":"taxable","26":"shipping-taxable","27":"product-type-variable"},"acf":[],"_links":{"self":[{"href":"https:\/\/gajos.sk\/eshop\/wp-json\/wp\/v2\/product\/340343","targetHints":{"allow":["GET"]}}],"collection":[{"href":"https:\/\/gajos.sk\/eshop\/wp-json\/wp\/v2\/product"}],"about":[{"href":"https:\/\/gajos.sk\/eshop\/wp-json\/wp\/v2\/types\/product"}],"wp:featuredmedia":[{"embeddable":true,"href":"https:\/\/gajos.sk\/eshop\/wp-json\/wp\/v2\/media\/340345"}],"wp:attachment":[{"href":"https:\/\/gajos.sk\/eshop\/wp-json\/wp\/v2\/media?parent=340343"}],"wp:term":[{"taxonomy":"product_brand","embeddable":true,"href":"https:\/\/gajos.sk\/eshop\/wp-json\/wp\/v2\/product_brand?post=340343"},{"taxonomy":"product_cat","embeddable":true,"href":"https:\/\/gajos.sk\/eshop\/wp-json\/wp\/v2\/product_cat?post=340343"},{"taxonomy":"product_tag","embeddable":true,"href":"https:\/\/gajos.sk\/eshop\/wp-json\/wp\/v2\/product_tag?post=340343"}],"curies":[{"name":"wp","href":"https:\/\/api.w.org\/{rel}","templated":true}]}}