{"id":340302,"date":"2024-03-01T20:33:04","date_gmt":"2024-03-01T19:33:04","guid":{"rendered":"https:\/\/gajostest.a2hosted.com\/eshop\/desman-tricko\/"},"modified":"2026-04-30T21:40:44","modified_gmt":"2026-04-30T19:40:44","slug":"desman-tricko","status":"publish","type":"product","link":"https:\/\/gajos.sk\/eshop\/p\/desman-tricko\/","title":{"rendered":"DESMAN tri\u010dko"},"content":{"rendered":"","protected":false},"excerpt":{"rendered":"<p>Viacfarebn\u00e9 trendov\u00e9 unisexov\u00e9 tri\u010dko vhodn\u00e9 pre potla\u010d a v\u00fd\u0161ivku. P\u00e1ska spev\u0148uj\u00faca ramnena. Bez bo\u010dn\u00fdch \u0161vov. 155 g\/m2<\/p>\n","protected":false},"featured_media":340304,"template":"","meta":{"_acf_changed":false,"inline_featured_image":false},"product_brand":[],"product_cat":[2121,2135],"product_tag":[1343],"class_list":{"0":"post-340302","1":"product","2":"type-product","3":"status-publish","4":"has-post-thumbnail","6":"product_cat-odevy","7":"product_cat-tricka-a-kosele","8":"product_tag-australian-line","9":"pa_farba-siva","10":"pa_velkost-l","11":"pa_velkost-m","12":"pa_velkost-s","13":"pa_velkost-3xl","14":"pa_velkost-xxl","15":"pa_velkost-4xl","16":"pa_velkost-xl","18":"first","19":"instock","20":"taxable","21":"shipping-taxable","22":"purchasable","23":"product-type-variable"},"acf":[],"_links":{"self":[{"href":"https:\/\/gajos.sk\/eshop\/wp-json\/wp\/v2\/product\/340302","targetHints":{"allow":["GET"]}}],"collection":[{"href":"https:\/\/gajos.sk\/eshop\/wp-json\/wp\/v2\/product"}],"about":[{"href":"https:\/\/gajos.sk\/eshop\/wp-json\/wp\/v2\/types\/product"}],"wp:featuredmedia":[{"embeddable":true,"href":"https:\/\/gajos.sk\/eshop\/wp-json\/wp\/v2\/media\/340304"}],"wp:attachment":[{"href":"https:\/\/gajos.sk\/eshop\/wp-json\/wp\/v2\/media?parent=340302"}],"wp:term":[{"taxonomy":"product_brand","embeddable":true,"href":"https:\/\/gajos.sk\/eshop\/wp-json\/wp\/v2\/product_brand?post=340302"},{"taxonomy":"product_cat","embeddable":true,"href":"https:\/\/gajos.sk\/eshop\/wp-json\/wp\/v2\/product_cat?post=340302"},{"taxonomy":"product_tag","embeddable":true,"href":"https:\/\/gajos.sk\/eshop\/wp-json\/wp\/v2\/product_tag?post=340302"}],"curies":[{"name":"wp","href":"https:\/\/api.w.org\/{rel}","templated":true}]}}