{"id":340241,"date":"2024-03-01T20:31:31","date_gmt":"2024-03-01T19:31:31","guid":{"rendered":"https:\/\/gajostest.a2hosted.com\/eshop\/neurum-paperova-vesta\/"},"modified":"2026-05-07T21:30:26","modified_gmt":"2026-05-07T19:30:26","slug":"neurum-paperova-vesta","status":"publish","type":"product","link":"https:\/\/gajos.sk\/eshop\/p\/neurum-paperova-vesta\/","title":{"rendered":"NEURUM p\u00e1perov\u00e1 vesta"},"content":{"rendered":"","protected":false},"excerpt":{"rendered":"<p>zimn\u00e1 p\u00e1perov\u00e1 vesta so zap\u00ednan\u00edm na zips a kapuc\u0148ou; 2 hlbok\u00e9 postrann\u00e9 vreck\u00e1 na zips; elastick\u00fd p\u00e1s.<\/p>\n","protected":false},"featured_media":340243,"template":"","meta":{"_acf_changed":false,"inline_featured_image":false},"product_brand":[],"product_cat":[2160,2161,2121],"product_tag":[1179],"class_list":{"0":"post-340241","1":"product","2":"type-product","3":"status-publish","4":"has-post-thumbnail","6":"product_cat-mikiny-svetre-vesty","7":"product_cat-vesty","8":"product_cat-odevy","9":"product_tag-cerva","10":"pa_farba-cierna","11":"pa_farba-tm-olivova","12":"pa_farba-navy","13":"pa_farba-petrolejova","14":"pa_velkost-xl","15":"pa_velkost-l","16":"pa_velkost-m","17":"pa_velkost-s","18":"pa_velkost-3xl","19":"pa_velkost-xxl","20":"pa_velkost-4xl","21":"pa_velkost-xs","23":"first","24":"instock","25":"taxable","26":"shipping-taxable","27":"purchasable","28":"product-type-variable"},"acf":[],"_links":{"self":[{"href":"https:\/\/gajos.sk\/eshop\/wp-json\/wp\/v2\/product\/340241","targetHints":{"allow":["GET"]}}],"collection":[{"href":"https:\/\/gajos.sk\/eshop\/wp-json\/wp\/v2\/product"}],"about":[{"href":"https:\/\/gajos.sk\/eshop\/wp-json\/wp\/v2\/types\/product"}],"wp:featuredmedia":[{"embeddable":true,"href":"https:\/\/gajos.sk\/eshop\/wp-json\/wp\/v2\/media\/340243"}],"wp:attachment":[{"href":"https:\/\/gajos.sk\/eshop\/wp-json\/wp\/v2\/media?parent=340241"}],"wp:term":[{"taxonomy":"product_brand","embeddable":true,"href":"https:\/\/gajos.sk\/eshop\/wp-json\/wp\/v2\/product_brand?post=340241"},{"taxonomy":"product_cat","embeddable":true,"href":"https:\/\/gajos.sk\/eshop\/wp-json\/wp\/v2\/product_cat?post=340241"},{"taxonomy":"product_tag","embeddable":true,"href":"https:\/\/gajos.sk\/eshop\/wp-json\/wp\/v2\/product_tag?post=340241"}],"curies":[{"name":"wp","href":"https:\/\/api.w.org\/{rel}","templated":true}]}}