{"id":340211,"date":"2024-03-01T20:31:24","date_gmt":"2024-03-01T19:31:24","guid":{"rendered":"https:\/\/gajostest.a2hosted.com\/eshop\/max-neo-lady-light-vesta\/"},"modified":"2026-05-07T21:30:26","modified_gmt":"2026-05-07T19:30:26","slug":"max-neo-lady-light-vesta","status":"publish","type":"product","link":"https:\/\/gajos.sk\/eshop\/p\/max-neo-lady-light-vesta\/","title":{"rendered":"MAX NEO LADY LIGHT vesta"},"content":{"rendered":"","protected":false},"excerpt":{"rendered":"<p>d\u00e1mska zateplen\u00e1 vesta; elastick\u00fd p\u00e1s; zap\u00ednanie na zips; 2 bo\u010dn\u00e9 vreck\u00e1 na zips.<\/p>\n","protected":false},"featured_media":340213,"template":"","meta":{"_acf_changed":false,"inline_featured_image":false},"product_brand":[],"product_cat":[2160,2161,2121],"product_tag":[1179],"class_list":{"0":"post-340211","1":"product","2":"type-product","3":"status-publish","4":"has-post-thumbnail","6":"product_cat-mikiny-svetre-vesty","7":"product_cat-vesty","8":"product_cat-odevy","9":"product_tag-cerva","10":"pa_farba-modra","11":"pa_farba-siva","12":"pa_farba-navy","13":"pa_farba-limetkova","14":"pa_velkost-xs","15":"pa_velkost-xl","16":"pa_velkost-l","17":"pa_velkost-m","18":"pa_velkost-s","19":"pa_velkost-3xl","20":"pa_velkost-xxl","22":"first","23":"instock","24":"taxable","25":"shipping-taxable","26":"purchasable","27":"product-type-variable"},"acf":[],"_links":{"self":[{"href":"https:\/\/gajos.sk\/eshop\/wp-json\/wp\/v2\/product\/340211","targetHints":{"allow":["GET"]}}],"collection":[{"href":"https:\/\/gajos.sk\/eshop\/wp-json\/wp\/v2\/product"}],"about":[{"href":"https:\/\/gajos.sk\/eshop\/wp-json\/wp\/v2\/types\/product"}],"wp:featuredmedia":[{"embeddable":true,"href":"https:\/\/gajos.sk\/eshop\/wp-json\/wp\/v2\/media\/340213"}],"wp:attachment":[{"href":"https:\/\/gajos.sk\/eshop\/wp-json\/wp\/v2\/media?parent=340211"}],"wp:term":[{"taxonomy":"product_brand","embeddable":true,"href":"https:\/\/gajos.sk\/eshop\/wp-json\/wp\/v2\/product_brand?post=340211"},{"taxonomy":"product_cat","embeddable":true,"href":"https:\/\/gajos.sk\/eshop\/wp-json\/wp\/v2\/product_cat?post=340211"},{"taxonomy":"product_tag","embeddable":true,"href":"https:\/\/gajos.sk\/eshop\/wp-json\/wp\/v2\/product_tag?post=340211"}],"curies":[{"name":"wp","href":"https:\/\/api.w.org\/{rel}","templated":true}]}}