{"id":340158,"date":"2024-03-01T20:29:50","date_gmt":"2024-03-01T19:29:50","guid":{"rendered":"https:\/\/gajostest.a2hosted.com\/eshop\/max-neo-vesta\/"},"modified":"2026-05-07T21:30:26","modified_gmt":"2026-05-07T19:30:26","slug":"max-neo-vesta","status":"publish","type":"product","link":"https:\/\/gajos.sk\/eshop\/p\/max-neo-vesta\/","title":{"rendered":"MAX NEO vesta"},"content":{"rendered":"","protected":false},"excerpt":{"rendered":"<p>p\u00e1nska zimn\u00e1 vesta; zap\u00ednanie na zips kryt\u00e9 l\u00e9gou na such\u00fd zips; 2 bo\u010dn\u00e9 vreck\u00e1, 2 n\u00e1prsn\u00e9 vreck\u00e1 na such\u00fd zips; 1 vn\u00fatorn\u00e9 vrecko na mobiln\u00fd telef\u00f3n; reflexn\u00e9 prvky.<\/p>\n","protected":false},"featured_media":340160,"template":"","meta":{"_acf_changed":false,"inline_featured_image":false},"product_brand":[],"product_cat":[2160,2161,2121],"product_tag":[1179],"class_list":{"0":"post-340158","1":"product","2":"type-product","3":"status-publish","4":"has-post-thumbnail","6":"product_cat-mikiny-svetre-vesty","7":"product_cat-vesty","8":"product_cat-odevy","9":"product_tag-cerva","10":"pa_farba-modra","11":"pa_farba-antracit","12":"pa_farba-zelena","13":"pa_farba-cervena","14":"pa_farba-navy","15":"pa_velkost-3xl","16":"pa_velkost-xxl","17":"pa_velkost-4xl","18":"pa_velkost-xl","19":"pa_velkost-l","20":"pa_velkost-m","21":"pa_velkost-s","23":"first","24":"instock","25":"taxable","26":"shipping-taxable","27":"purchasable","28":"product-type-variable"},"acf":[],"_links":{"self":[{"href":"https:\/\/gajos.sk\/eshop\/wp-json\/wp\/v2\/product\/340158","targetHints":{"allow":["GET"]}}],"collection":[{"href":"https:\/\/gajos.sk\/eshop\/wp-json\/wp\/v2\/product"}],"about":[{"href":"https:\/\/gajos.sk\/eshop\/wp-json\/wp\/v2\/types\/product"}],"wp:featuredmedia":[{"embeddable":true,"href":"https:\/\/gajos.sk\/eshop\/wp-json\/wp\/v2\/media\/340160"}],"wp:attachment":[{"href":"https:\/\/gajos.sk\/eshop\/wp-json\/wp\/v2\/media?parent=340158"}],"wp:term":[{"taxonomy":"product_brand","embeddable":true,"href":"https:\/\/gajos.sk\/eshop\/wp-json\/wp\/v2\/product_brand?post=340158"},{"taxonomy":"product_cat","embeddable":true,"href":"https:\/\/gajos.sk\/eshop\/wp-json\/wp\/v2\/product_cat?post=340158"},{"taxonomy":"product_tag","embeddable":true,"href":"https:\/\/gajos.sk\/eshop\/wp-json\/wp\/v2\/product_tag?post=340158"}],"curies":[{"name":"wp","href":"https:\/\/api.w.org\/{rel}","templated":true}]}}