{"id":340065,"date":"2024-03-01T20:29:24","date_gmt":"2024-03-01T19:29:24","guid":{"rendered":"https:\/\/gajostest.a2hosted.com\/eshop\/hellin-hv-vesta\/"},"modified":"2026-05-07T21:30:26","modified_gmt":"2026-05-07T19:30:26","slug":"hellin-hv-vesta","status":"publish","type":"product","link":"https:\/\/gajos.sk\/eshop\/p\/hellin-hv-vesta\/","title":{"rendered":"HELLIN HV vesta"},"content":{"rendered":"","protected":false},"excerpt":{"rendered":"<p>p\u00e1nska zateplen\u00e1 Hi-Vis vesta s reflexn\u00fdmi doplnkami cez ramen\u00e1 a v bokoch o ve\u013ekosti 5 cm, kapuc\u0148a skryt\u00e1 v golieri, zap\u00ednanie na zips zakryt\u00fd pr\u00edklopkou so zap\u00ednan\u00edm na cvoky, 2 predn\u00e9 multifunk\u010dn\u00e9 vreck\u00e1 s pr\u00edklopkou a zap\u00ednan\u00edm na zips, 1 n\u00e1prsn\u00e9 vrecko s pr\u00edklopkou<\/p>\n","protected":false},"featured_media":340067,"template":"","meta":{"_acf_changed":false,"inline_featured_image":false},"product_brand":[],"product_cat":[2160,2161,2121],"product_tag":[1179],"class_list":{"0":"post-340065","1":"product","2":"type-product","3":"status-publish","4":"has-post-thumbnail","6":"product_cat-mikiny-svetre-vesty","7":"product_cat-vesty","8":"product_cat-odevy","9":"product_tag-cerva","10":"pa_farba-oranzova-navy","11":"pa_farba-zlta-navy","12":"pa_farba-zlta-zelena","13":"pa_farba-zlta-siva","14":"pa_velkost-s","15":"pa_velkost-3xl","16":"pa_velkost-xxl","17":"pa_velkost-xl","18":"pa_velkost-l","19":"pa_velkost-m","21":"first","22":"instock","23":"taxable","24":"shipping-taxable","25":"purchasable","26":"product-type-variable"},"acf":[],"_links":{"self":[{"href":"https:\/\/gajos.sk\/eshop\/wp-json\/wp\/v2\/product\/340065","targetHints":{"allow":["GET"]}}],"collection":[{"href":"https:\/\/gajos.sk\/eshop\/wp-json\/wp\/v2\/product"}],"about":[{"href":"https:\/\/gajos.sk\/eshop\/wp-json\/wp\/v2\/types\/product"}],"wp:featuredmedia":[{"embeddable":true,"href":"https:\/\/gajos.sk\/eshop\/wp-json\/wp\/v2\/media\/340067"}],"wp:attachment":[{"href":"https:\/\/gajos.sk\/eshop\/wp-json\/wp\/v2\/media?parent=340065"}],"wp:term":[{"taxonomy":"product_brand","embeddable":true,"href":"https:\/\/gajos.sk\/eshop\/wp-json\/wp\/v2\/product_brand?post=340065"},{"taxonomy":"product_cat","embeddable":true,"href":"https:\/\/gajos.sk\/eshop\/wp-json\/wp\/v2\/product_cat?post=340065"},{"taxonomy":"product_tag","embeddable":true,"href":"https:\/\/gajos.sk\/eshop\/wp-json\/wp\/v2\/product_tag?post=340065"}],"curies":[{"name":"wp","href":"https:\/\/api.w.org\/{rel}","templated":true}]}}