{"id":340051,"date":"2024-03-01T20:29:20","date_gmt":"2024-03-01T19:29:20","guid":{"rendered":"https:\/\/gajostest.a2hosted.com\/eshop\/cordoba-hv-vesta\/"},"modified":"2026-05-07T21:30:26","modified_gmt":"2026-05-07T19:30:26","slug":"cordoba-hv-vesta","status":"publish","type":"product","link":"https:\/\/gajos.sk\/eshop\/p\/cordoba-hv-vesta\/","title":{"rendered":"CORDOBA HV vesta"},"content":{"rendered":"","protected":false},"excerpt":{"rendered":"<p>p\u00e1nska zateplen\u00e1 full Hi-Vis vesta s reflexn\u00fdmi doplnkami cez ramen\u00e1 a v bokoch o ve\u013ekosti 5 cm, kapuc\u0148a skryt\u00e1 v golieri, zap\u00ednanie na zips zakryt\u00fd pr\u00edklopkou so zap\u00ednan\u00edm na cvoky, 2 predn\u00e9 multifunk\u010dn\u00e9 vreck\u00e1 s pr\u00edklopkou a zap\u00ednan\u00edm na zips, 1 n\u00e1prsn\u00e9 vrecko s pr\u00edklopkou<\/p>\n","protected":false},"featured_media":340053,"template":"","meta":{"_acf_changed":false,"inline_featured_image":false},"product_brand":[],"product_cat":[2160,2161,2121],"product_tag":[1179],"class_list":{"0":"post-340051","1":"product","2":"type-product","3":"status-publish","4":"has-post-thumbnail","6":"product_cat-mikiny-svetre-vesty","7":"product_cat-vesty","8":"product_cat-odevy","9":"product_tag-cerva","10":"pa_farba-zlta","11":"pa_farba-oranzova","12":"pa_velkost-xl","13":"pa_velkost-l","14":"pa_velkost-m","15":"pa_velkost-s","16":"pa_velkost-3xl","17":"pa_velkost-xxl","19":"first","20":"instock","21":"taxable","22":"shipping-taxable","23":"purchasable","24":"product-type-variable"},"acf":[],"_links":{"self":[{"href":"https:\/\/gajos.sk\/eshop\/wp-json\/wp\/v2\/product\/340051","targetHints":{"allow":["GET"]}}],"collection":[{"href":"https:\/\/gajos.sk\/eshop\/wp-json\/wp\/v2\/product"}],"about":[{"href":"https:\/\/gajos.sk\/eshop\/wp-json\/wp\/v2\/types\/product"}],"wp:featuredmedia":[{"embeddable":true,"href":"https:\/\/gajos.sk\/eshop\/wp-json\/wp\/v2\/media\/340053"}],"wp:attachment":[{"href":"https:\/\/gajos.sk\/eshop\/wp-json\/wp\/v2\/media?parent=340051"}],"wp:term":[{"taxonomy":"product_brand","embeddable":true,"href":"https:\/\/gajos.sk\/eshop\/wp-json\/wp\/v2\/product_brand?post=340051"},{"taxonomy":"product_cat","embeddable":true,"href":"https:\/\/gajos.sk\/eshop\/wp-json\/wp\/v2\/product_cat?post=340051"},{"taxonomy":"product_tag","embeddable":true,"href":"https:\/\/gajos.sk\/eshop\/wp-json\/wp\/v2\/product_tag?post=340051"}],"curies":[{"name":"wp","href":"https:\/\/api.w.org\/{rel}","templated":true}]}}