{"id":340018,"date":"2024-03-01T20:29:09","date_gmt":"2024-03-01T19:29:09","guid":{"rendered":"https:\/\/gajostest.a2hosted.com\/eshop\/lynx-esd-vesta\/"},"modified":"2026-05-07T21:30:26","modified_gmt":"2026-05-07T19:30:26","slug":"lynx-esd-vesta","status":"publish","type":"product","link":"https:\/\/gajos.sk\/eshop\/p\/lynx-esd-vesta\/","title":{"rendered":"LYNX ESD vesta"},"content":{"rendered":"","protected":false},"excerpt":{"rendered":"<p>vesta s vysokou vidite\u013enos\u0165ou; dva vodorovn\u00e9 reflexn\u00e9 p\u00e1sy; zap\u00ednanie na such\u00fd zips; vhodn\u00e9 pre pou\u017eitie v ESD chr\u00e1nenom priestore<\/p>\n","protected":false},"featured_media":340020,"template":"","meta":{"_acf_changed":false,"inline_featured_image":false},"product_brand":[],"product_cat":[2160,2161,2121],"product_tag":[1179],"class_list":{"0":"post-340018","1":"product","2":"type-product","3":"status-publish","4":"has-post-thumbnail","6":"product_cat-mikiny-svetre-vesty","7":"product_cat-vesty","8":"product_cat-odevy","9":"product_tag-cerva","10":"pa_farba-hv-oranzova","11":"pa_farba-hv-zlta","12":"pa_velkost-xl","13":"pa_velkost-l","14":"pa_velkost-m","15":"pa_velkost-s","16":"pa_velkost-3xl","17":"pa_velkost-xxl","19":"first","20":"instock","21":"taxable","22":"shipping-taxable","23":"purchasable","24":"product-type-variable"},"acf":[],"_links":{"self":[{"href":"https:\/\/gajos.sk\/eshop\/wp-json\/wp\/v2\/product\/340018","targetHints":{"allow":["GET"]}}],"collection":[{"href":"https:\/\/gajos.sk\/eshop\/wp-json\/wp\/v2\/product"}],"about":[{"href":"https:\/\/gajos.sk\/eshop\/wp-json\/wp\/v2\/types\/product"}],"wp:featuredmedia":[{"embeddable":true,"href":"https:\/\/gajos.sk\/eshop\/wp-json\/wp\/v2\/media\/340020"}],"wp:attachment":[{"href":"https:\/\/gajos.sk\/eshop\/wp-json\/wp\/v2\/media?parent=340018"}],"wp:term":[{"taxonomy":"product_brand","embeddable":true,"href":"https:\/\/gajos.sk\/eshop\/wp-json\/wp\/v2\/product_brand?post=340018"},{"taxonomy":"product_cat","embeddable":true,"href":"https:\/\/gajos.sk\/eshop\/wp-json\/wp\/v2\/product_cat?post=340018"},{"taxonomy":"product_tag","embeddable":true,"href":"https:\/\/gajos.sk\/eshop\/wp-json\/wp\/v2\/product_tag?post=340018"}],"curies":[{"name":"wp","href":"https:\/\/api.w.org\/{rel}","templated":true}]}}