{"id":339991,"date":"2024-03-01T20:27:58","date_gmt":"2024-03-01T19:27:58","guid":{"rendered":"https:\/\/gajostest.a2hosted.com\/eshop\/knoxfield-lady-oboustr-vesta\/"},"modified":"2026-05-07T21:30:26","modified_gmt":"2026-05-07T19:30:26","slug":"knoxfield-lady-oboustr-vesta","status":"publish","type":"product","link":"https:\/\/gajos.sk\/eshop\/p\/knoxfield-lady-oboustr-vesta\/","title":{"rendered":"KNOXFIELD LADY oboustr.vesta"},"content":{"rendered":"","protected":false},"excerpt":{"rendered":"<p>d\u00e1msk\u00e1 obojstrann\u00e1 zateplen\u00e1 vesta s odn\u00edmate\u013enou kapuc\u0148ou  vhodnou pre obidve verzie nosenia vesty; jedna strana v hi-vis proveden\u00ed;  zesilnen\u00e1 oblas\u0165 ramien; n\u00e1prsn\u00e9 vrecko na zips a 2 bo\u010dn\u00fdmi li\u0161tov\u00fdmi vreckami; lemov\u00e1nie sedla a vreciek reflexnou lemovkou; dvojit\u00e1 kapuc\u0148a s kontrastn\u00fdm hi-vis \u00fapletom vo farbe  dekorat\u00edvneho kontrastn\u00e9ho pre\u0161itia; nastavite\u013en\u00e1 \u0161\u00edrka spodn\u00e9ho obvodu a obvod kapucne<\/p>\n","protected":false},"featured_media":339993,"template":"","meta":{"_acf_changed":false,"inline_featured_image":false},"product_brand":[],"product_cat":[2160,2161,2121],"product_tag":[1179],"class_list":{"0":"post-339991","1":"product","2":"type-product","3":"status-publish","4":"has-post-thumbnail","6":"product_cat-mikiny-svetre-vesty","7":"product_cat-vesty","8":"product_cat-odevy","9":"product_tag-cerva","10":"pa_farba-antracit-cervena","11":"pa_velkost-m","12":"pa_velkost-s","13":"pa_velkost-xxl","14":"pa_velkost-xs","15":"pa_velkost-xl","16":"pa_velkost-l","18":"first","19":"instock","20":"taxable","21":"shipping-taxable","22":"purchasable","23":"product-type-variable"},"acf":[],"_links":{"self":[{"href":"https:\/\/gajos.sk\/eshop\/wp-json\/wp\/v2\/product\/339991","targetHints":{"allow":["GET"]}}],"collection":[{"href":"https:\/\/gajos.sk\/eshop\/wp-json\/wp\/v2\/product"}],"about":[{"href":"https:\/\/gajos.sk\/eshop\/wp-json\/wp\/v2\/types\/product"}],"wp:featuredmedia":[{"embeddable":true,"href":"https:\/\/gajos.sk\/eshop\/wp-json\/wp\/v2\/media\/339993"}],"wp:attachment":[{"href":"https:\/\/gajos.sk\/eshop\/wp-json\/wp\/v2\/media?parent=339991"}],"wp:term":[{"taxonomy":"product_brand","embeddable":true,"href":"https:\/\/gajos.sk\/eshop\/wp-json\/wp\/v2\/product_brand?post=339991"},{"taxonomy":"product_cat","embeddable":true,"href":"https:\/\/gajos.sk\/eshop\/wp-json\/wp\/v2\/product_cat?post=339991"},{"taxonomy":"product_tag","embeddable":true,"href":"https:\/\/gajos.sk\/eshop\/wp-json\/wp\/v2\/product_tag?post=339991"}],"curies":[{"name":"wp","href":"https:\/\/api.w.org\/{rel}","templated":true}]}}