{"id":339862,"date":"2024-03-01T20:27:13","date_gmt":"2024-03-01T19:27:13","guid":{"rendered":"https:\/\/gajostest.a2hosted.com\/eshop\/lynx-duo-hv-vesta\/"},"modified":"2026-05-07T21:28:24","modified_gmt":"2026-05-07T19:28:24","slug":"lynx-duo-hv-vesta","status":"publish","type":"product","link":"https:\/\/gajos.sk\/eshop\/p\/lynx-duo-hv-vesta\/","title":{"rendered":"LYNX DUO HV vesta"},"content":{"rendered":"","protected":false},"excerpt":{"rendered":"<p>\u2022 reflexn\u00e1 vesta s r\u00f4znofarebn\u00fdm preveden\u00edm spodnej \u010dasti<\/p>\n","protected":false},"featured_media":339864,"template":"","meta":{"_acf_changed":false,"inline_featured_image":false},"product_brand":[],"product_cat":[2160,2161,2121],"product_tag":[1179],"class_list":{"0":"post-339862","1":"product","2":"type-product","3":"status-publish","4":"has-post-thumbnail","6":"product_cat-mikiny-svetre-vesty","7":"product_cat-vesty","8":"product_cat-odevy","9":"product_tag-cerva","10":"pa_farba-zlta-cervena","11":"pa_farba-oranzova-cervena","12":"pa_farba-oranzova-zelena","13":"pa_farba-oranzova-cierna","14":"pa_farba-zlta-zelena","15":"pa_farba-oranzova-navy","16":"pa_farba-zlta-navy","17":"pa_farba-oranzova-royal","18":"pa_farba-zlta-royal","19":"pa_farba-zlta-cierna","20":"pa_velkost-m","21":"pa_velkost-s","22":"pa_velkost-3xl","23":"pa_velkost-xxl","24":"pa_velkost-xl","25":"pa_velkost-l","27":"first","28":"instock","29":"taxable","30":"shipping-taxable","31":"purchasable","32":"product-type-variable"},"acf":[],"_links":{"self":[{"href":"https:\/\/gajos.sk\/eshop\/wp-json\/wp\/v2\/product\/339862","targetHints":{"allow":["GET"]}}],"collection":[{"href":"https:\/\/gajos.sk\/eshop\/wp-json\/wp\/v2\/product"}],"about":[{"href":"https:\/\/gajos.sk\/eshop\/wp-json\/wp\/v2\/types\/product"}],"wp:featuredmedia":[{"embeddable":true,"href":"https:\/\/gajos.sk\/eshop\/wp-json\/wp\/v2\/media\/339864"}],"wp:attachment":[{"href":"https:\/\/gajos.sk\/eshop\/wp-json\/wp\/v2\/media?parent=339862"}],"wp:term":[{"taxonomy":"product_brand","embeddable":true,"href":"https:\/\/gajos.sk\/eshop\/wp-json\/wp\/v2\/product_brand?post=339862"},{"taxonomy":"product_cat","embeddable":true,"href":"https:\/\/gajos.sk\/eshop\/wp-json\/wp\/v2\/product_cat?post=339862"},{"taxonomy":"product_tag","embeddable":true,"href":"https:\/\/gajos.sk\/eshop\/wp-json\/wp\/v2\/product_tag?post=339862"}],"curies":[{"name":"wp","href":"https:\/\/api.w.org\/{rel}","templated":true}]}}