{"id":339854,"date":"2024-03-01T20:27:09","date_gmt":"2024-03-01T19:27:09","guid":{"rendered":"https:\/\/gajostest.a2hosted.com\/eshop\/crambe-vesta\/"},"modified":"2026-05-07T21:28:24","modified_gmt":"2026-05-07T19:28:24","slug":"crambe-vesta","status":"publish","type":"product","link":"https:\/\/gajos.sk\/eshop\/p\/crambe-vesta\/","title":{"rendered":"CRAMBE vesta"},"content":{"rendered":"","protected":false},"excerpt":{"rendered":"<p>P\u00e1nska \u013eahk\u00e1 vesta  z T\/C twillu 190 gsm, \u010diasto\u010dne pod\u0161it\u00e1 nylonovou sie\u0165ovinou, 11 vreciek, z toho 2 na chrbte a 1 na mobil, zap\u00ednanie na zips, atrakt\u00edvny kamufl\u00e1\u017e dizajn.<\/p>\n","protected":false},"featured_media":339856,"template":"","meta":{"_acf_changed":false,"inline_featured_image":false},"product_brand":[],"product_cat":[2160,2161,2121],"product_tag":[1244],"class_list":{"0":"post-339854","1":"product","2":"type-product","3":"status-publish","4":"has-post-thumbnail","6":"product_cat-mikiny-svetre-vesty","7":"product_cat-vesty","8":"product_cat-odevy","9":"product_tag-crv","10":"pa_farba-camouflage","11":"pa_velkost-xl","12":"pa_velkost-l","13":"pa_velkost-m","14":"pa_velkost-s","15":"pa_velkost-3xl","16":"pa_velkost-xxl","18":"first","19":"instock","20":"taxable","21":"shipping-taxable","22":"purchasable","23":"product-type-variable"},"acf":[],"_links":{"self":[{"href":"https:\/\/gajos.sk\/eshop\/wp-json\/wp\/v2\/product\/339854","targetHints":{"allow":["GET"]}}],"collection":[{"href":"https:\/\/gajos.sk\/eshop\/wp-json\/wp\/v2\/product"}],"about":[{"href":"https:\/\/gajos.sk\/eshop\/wp-json\/wp\/v2\/types\/product"}],"wp:featuredmedia":[{"embeddable":true,"href":"https:\/\/gajos.sk\/eshop\/wp-json\/wp\/v2\/media\/339856"}],"wp:attachment":[{"href":"https:\/\/gajos.sk\/eshop\/wp-json\/wp\/v2\/media?parent=339854"}],"wp:term":[{"taxonomy":"product_brand","embeddable":true,"href":"https:\/\/gajos.sk\/eshop\/wp-json\/wp\/v2\/product_brand?post=339854"},{"taxonomy":"product_cat","embeddable":true,"href":"https:\/\/gajos.sk\/eshop\/wp-json\/wp\/v2\/product_cat?post=339854"},{"taxonomy":"product_tag","embeddable":true,"href":"https:\/\/gajos.sk\/eshop\/wp-json\/wp\/v2\/product_tag?post=339854"}],"curies":[{"name":"wp","href":"https:\/\/api.w.org\/{rel}","templated":true}]}}