{"id":339840,"date":"2024-03-01T20:27:05","date_gmt":"2024-03-01T19:27:05","guid":{"rendered":"https:\/\/gajostest.a2hosted.com\/eshop\/yowie-vesta-damska\/"},"modified":"2026-05-07T21:28:24","modified_gmt":"2026-05-07T19:28:24","slug":"yowie-vesta-damska","status":"publish","type":"product","link":"https:\/\/gajos.sk\/eshop\/p\/yowie-vesta-damska\/","title":{"rendered":"YOWIE vesta d\u00e1mska"},"content":{"rendered":"","protected":false},"excerpt":{"rendered":"<p>\u2022 d\u00e1mska zateplen\u00e1 vesta so stoja\u010dikom \u2022 atrakt\u00edvna kvetinov\u00e1 potla\u010d po bokoch \u2022 mierne pred\u013a\u017een\u00fd zadn\u00fd diel \u2022 tvarovan\u00fd strih \u2022 perfektn\u00fd doplnok pracovnej kolekcie Yowie na chladn\u00e9 dni<\/p>\n","protected":false},"featured_media":339842,"template":"","meta":{"_acf_changed":false,"inline_featured_image":false},"product_brand":[],"product_cat":[2160,2161,2121],"product_tag":[1244],"class_list":{"0":"post-339840","1":"product","2":"type-product","3":"status-publish","4":"has-post-thumbnail","6":"product_cat-mikiny-svetre-vesty","7":"product_cat-vesty","8":"product_cat-odevy","9":"product_tag-crv","10":"pa_farba-hneda-zelena","11":"pa_farba-navy-sv-fialova","12":"pa_velkost-xl","13":"pa_velkost-l","14":"pa_velkost-m","15":"pa_velkost-s","16":"pa_velkost-xxl","17":"pa_velkost-xs","19":"first","20":"instock","21":"taxable","22":"shipping-taxable","23":"purchasable","24":"product-type-variable"},"acf":[],"_links":{"self":[{"href":"https:\/\/gajos.sk\/eshop\/wp-json\/wp\/v2\/product\/339840","targetHints":{"allow":["GET"]}}],"collection":[{"href":"https:\/\/gajos.sk\/eshop\/wp-json\/wp\/v2\/product"}],"about":[{"href":"https:\/\/gajos.sk\/eshop\/wp-json\/wp\/v2\/types\/product"}],"wp:featuredmedia":[{"embeddable":true,"href":"https:\/\/gajos.sk\/eshop\/wp-json\/wp\/v2\/media\/339842"}],"wp:attachment":[{"href":"https:\/\/gajos.sk\/eshop\/wp-json\/wp\/v2\/media?parent=339840"}],"wp:term":[{"taxonomy":"product_brand","embeddable":true,"href":"https:\/\/gajos.sk\/eshop\/wp-json\/wp\/v2\/product_brand?post=339840"},{"taxonomy":"product_cat","embeddable":true,"href":"https:\/\/gajos.sk\/eshop\/wp-json\/wp\/v2\/product_cat?post=339840"},{"taxonomy":"product_tag","embeddable":true,"href":"https:\/\/gajos.sk\/eshop\/wp-json\/wp\/v2\/product_tag?post=339840"}],"curies":[{"name":"wp","href":"https:\/\/api.w.org\/{rel}","templated":true}]}}