{"id":339798,"date":"2024-03-01T20:25:48","date_gmt":"2024-03-01T19:25:48","guid":{"rendered":"https:\/\/gajostest.a2hosted.com\/eshop\/ff-bruno-be-04-003-vesta\/"},"modified":"2026-05-07T21:28:24","modified_gmt":"2026-05-07T19:28:24","slug":"ff-bruno-be-04-003-vesta","status":"publish","type":"product","link":"https:\/\/gajos.sk\/eshop\/p\/ff-bruno-be-04-003-vesta\/","title":{"rendered":"FF BRUNO BE-04-003 vesta"},"content":{"rendered":"","protected":false},"excerpt":{"rendered":"<p>Bezpe\u010dnostn\u00e1 vesta s vysokou vidite\u013enos\u0165ou, zap\u00ednanie na such\u00fd zips.<\/p>\n","protected":false},"featured_media":339800,"template":"","meta":{"_acf_changed":false,"inline_featured_image":false},"product_brand":[],"product_cat":[2160,2161,2121],"product_tag":[1228],"class_list":{"0":"post-339798","1":"product","2":"type-product","3":"status-publish","4":"has-post-thumbnail","6":"product_cat-mikiny-svetre-vesty","7":"product_cat-vesty","8":"product_cat-odevy","9":"product_tag-fridrich-fridrich","10":"pa_farba-hv-oranzova","11":"pa_farba-hv-zlta","13":"first","14":"instock","15":"taxable","16":"shipping-taxable","17":"purchasable","18":"product-type-variable"},"acf":[],"_links":{"self":[{"href":"https:\/\/gajos.sk\/eshop\/wp-json\/wp\/v2\/product\/339798","targetHints":{"allow":["GET"]}}],"collection":[{"href":"https:\/\/gajos.sk\/eshop\/wp-json\/wp\/v2\/product"}],"about":[{"href":"https:\/\/gajos.sk\/eshop\/wp-json\/wp\/v2\/types\/product"}],"wp:featuredmedia":[{"embeddable":true,"href":"https:\/\/gajos.sk\/eshop\/wp-json\/wp\/v2\/media\/339800"}],"wp:attachment":[{"href":"https:\/\/gajos.sk\/eshop\/wp-json\/wp\/v2\/media?parent=339798"}],"wp:term":[{"taxonomy":"product_brand","embeddable":true,"href":"https:\/\/gajos.sk\/eshop\/wp-json\/wp\/v2\/product_brand?post=339798"},{"taxonomy":"product_cat","embeddable":true,"href":"https:\/\/gajos.sk\/eshop\/wp-json\/wp\/v2\/product_cat?post=339798"},{"taxonomy":"product_tag","embeddable":true,"href":"https:\/\/gajos.sk\/eshop\/wp-json\/wp\/v2\/product_tag?post=339798"}],"curies":[{"name":"wp","href":"https:\/\/api.w.org\/{rel}","templated":true}]}}