{"id":339795,"date":"2024-03-01T20:25:48","date_gmt":"2024-03-01T19:25:48","guid":{"rendered":"https:\/\/gajostest.a2hosted.com\/eshop\/narda-hv-detsky-set\/"},"modified":"2026-05-07T21:28:24","modified_gmt":"2026-05-07T19:28:24","slug":"narda-hv-detsky-set","status":"publish","type":"product","link":"https:\/\/gajos.sk\/eshop\/p\/narda-hv-detsky-set\/","title":{"rendered":"NARDA HV detsk\u00fd set"},"content":{"rendered":"","protected":false},"excerpt":{"rendered":"<p>V\u00fdstra\u017en\u00fd bal\u00ed\u010dek: v\u00fdstra\u017en\u00e1 vesta, v\u00fdstra\u017en\u00e9 p\u00e1siky, v\u00fdstra\u017en\u00e1 samolepka, v\u00fdstra\u017en\u00e1 k\u013e\u00fa\u010denka. V\u00fdstra\u017en\u00fd odev s vysokou vidite\u013enos\u0165ou. Odev je ur\u010den\u00fd pre deti star\u0161ie ne\u017e tri roky s v\u00fd\u0161kou postavy 120#140 cm na nosenie na vrchnom o\u0161aten\u00ed pre vizu\u00e1lnu signaliz\u00e1ciu pr\u00edtomnosti u\u017e\u00edvate\u013ea za ak\u00fdchko\u013evek sveteln\u00fdch podmienok vo dne i v noci. Norma EN 1150<\/p>\n","protected":false},"featured_media":339797,"template":"","meta":{"_acf_changed":false,"inline_featured_image":false},"product_brand":[],"product_cat":[2160,2161,2121],"product_tag":[1179],"class_list":{"0":"post-339795","1":"product","2":"type-product","3":"status-publish","4":"has-post-thumbnail","6":"product_cat-mikiny-svetre-vesty","7":"product_cat-vesty","8":"product_cat-odevy","9":"product_tag-cerva","10":"pa_farba-zlta","11":"pa_velkost-d-140","13":"first","14":"instock","15":"taxable","16":"shipping-taxable","17":"purchasable","18":"product-type-variable"},"acf":[],"_links":{"self":[{"href":"https:\/\/gajos.sk\/eshop\/wp-json\/wp\/v2\/product\/339795","targetHints":{"allow":["GET"]}}],"collection":[{"href":"https:\/\/gajos.sk\/eshop\/wp-json\/wp\/v2\/product"}],"about":[{"href":"https:\/\/gajos.sk\/eshop\/wp-json\/wp\/v2\/types\/product"}],"wp:featuredmedia":[{"embeddable":true,"href":"https:\/\/gajos.sk\/eshop\/wp-json\/wp\/v2\/media\/339797"}],"wp:attachment":[{"href":"https:\/\/gajos.sk\/eshop\/wp-json\/wp\/v2\/media?parent=339795"}],"wp:term":[{"taxonomy":"product_brand","embeddable":true,"href":"https:\/\/gajos.sk\/eshop\/wp-json\/wp\/v2\/product_brand?post=339795"},{"taxonomy":"product_cat","embeddable":true,"href":"https:\/\/gajos.sk\/eshop\/wp-json\/wp\/v2\/product_cat?post=339795"},{"taxonomy":"product_tag","embeddable":true,"href":"https:\/\/gajos.sk\/eshop\/wp-json\/wp\/v2\/product_tag?post=339795"}],"curies":[{"name":"wp","href":"https:\/\/api.w.org\/{rel}","templated":true}]}}