{"id":339781,"date":"2024-03-01T20:25:44","date_gmt":"2024-03-01T19:25:44","guid":{"rendered":"https:\/\/gajostest.a2hosted.com\/eshop\/sioen-hellisan-fr-ast-vesta\/"},"modified":"2026-04-15T21:34:46","modified_gmt":"2026-04-15T19:34:46","slug":"sioen-hellisan-fr-ast-vesta","status":"publish","type":"product","link":"https:\/\/gajos.sk\/eshop\/p\/sioen-hellisan-fr-ast-vesta\/","title":{"rendered":"SIOEN HELLISAN FR AST vesta"},"content":{"rendered":"","protected":false},"excerpt":{"rendered":"<p>nehor\u013eav\u00e1, antistatick\u00e1 v\u00fdstra\u017en\u00e1 vesta zap\u00ednanie na\u00a0such\u00fd zips<\/p>\n","protected":false},"featured_media":339783,"template":"","meta":{"_acf_changed":false,"inline_featured_image":false},"product_brand":[],"product_cat":[2160,2161,2121],"product_tag":[1238],"class_list":{"0":"post-339781","1":"product","2":"type-product","3":"status-publish","4":"has-post-thumbnail","6":"product_cat-mikiny-svetre-vesty","7":"product_cat-vesty","8":"product_cat-odevy","9":"product_tag-sioen","10":"pa_farba-hv-oranzova","11":"pa_farba-hv-zlta","12":"pa_velkost-xl","13":"pa_velkost-l","14":"pa_velkost-m","15":"pa_velkost-s","16":"pa_velkost-3xl","17":"pa_velkost-xxl","19":"first","20":"instock","21":"taxable","22":"shipping-taxable","23":"product-type-variable"},"acf":[],"_links":{"self":[{"href":"https:\/\/gajos.sk\/eshop\/wp-json\/wp\/v2\/product\/339781","targetHints":{"allow":["GET"]}}],"collection":[{"href":"https:\/\/gajos.sk\/eshop\/wp-json\/wp\/v2\/product"}],"about":[{"href":"https:\/\/gajos.sk\/eshop\/wp-json\/wp\/v2\/types\/product"}],"wp:featuredmedia":[{"embeddable":true,"href":"https:\/\/gajos.sk\/eshop\/wp-json\/wp\/v2\/media\/339783"}],"wp:attachment":[{"href":"https:\/\/gajos.sk\/eshop\/wp-json\/wp\/v2\/media?parent=339781"}],"wp:term":[{"taxonomy":"product_brand","embeddable":true,"href":"https:\/\/gajos.sk\/eshop\/wp-json\/wp\/v2\/product_brand?post=339781"},{"taxonomy":"product_cat","embeddable":true,"href":"https:\/\/gajos.sk\/eshop\/wp-json\/wp\/v2\/product_cat?post=339781"},{"taxonomy":"product_tag","embeddable":true,"href":"https:\/\/gajos.sk\/eshop\/wp-json\/wp\/v2\/product_tag?post=339781"}],"curies":[{"name":"wp","href":"https:\/\/api.w.org\/{rel}","templated":true}]}}