{"id":339750,"date":"2024-03-01T20:25:32","date_gmt":"2024-03-01T19:25:32","guid":{"rendered":"https:\/\/gajostest.a2hosted.com\/eshop\/vorma-lady-fleecova-vesta\/"},"modified":"2026-05-07T21:28:24","modified_gmt":"2026-05-07T19:28:24","slug":"vorma-lady-fleecova-vesta","status":"publish","type":"product","link":"https:\/\/gajos.sk\/eshop\/p\/vorma-lady-fleecova-vesta\/","title":{"rendered":"VORMA LADY fleecov\u00e1 vesta"},"content":{"rendered":"","protected":false},"excerpt":{"rendered":"<p>D\u00e1mska fleecov\u00e1 vesta klasick\u00e9ho strihu s dvoma postrann\u00fdmi vreckami. Antipillingov\u00e1 \u00faprava na vonkaj\u0161ej strane. Vhodn\u00e1 pre v\u00fd\u0161ivku a grav\u00edrovanie.<\/p>\n","protected":false},"featured_media":339752,"template":"","meta":{"_acf_changed":false,"inline_featured_image":false},"product_brand":[],"product_cat":[2160,2161,2121],"product_tag":[1179],"class_list":{"0":"post-339750","1":"product","2":"type-product","3":"status-publish","4":"has-post-thumbnail","6":"product_cat-mikiny-svetre-vesty","7":"product_cat-vesty","8":"product_cat-odevy","9":"product_tag-cerva","10":"pa_farba-sv-zelena","11":"pa_farba-biela","12":"pa_farba-sv-modra","13":"pa_velkost-xl","14":"pa_velkost-l","15":"pa_velkost-m","16":"pa_velkost-s","17":"pa_velkost-xxl","18":"pa_velkost-xs","20":"first","21":"instock","22":"taxable","23":"shipping-taxable","24":"purchasable","25":"product-type-variable"},"acf":[],"_links":{"self":[{"href":"https:\/\/gajos.sk\/eshop\/wp-json\/wp\/v2\/product\/339750","targetHints":{"allow":["GET"]}}],"collection":[{"href":"https:\/\/gajos.sk\/eshop\/wp-json\/wp\/v2\/product"}],"about":[{"href":"https:\/\/gajos.sk\/eshop\/wp-json\/wp\/v2\/types\/product"}],"wp:featuredmedia":[{"embeddable":true,"href":"https:\/\/gajos.sk\/eshop\/wp-json\/wp\/v2\/media\/339752"}],"wp:attachment":[{"href":"https:\/\/gajos.sk\/eshop\/wp-json\/wp\/v2\/media?parent=339750"}],"wp:term":[{"taxonomy":"product_brand","embeddable":true,"href":"https:\/\/gajos.sk\/eshop\/wp-json\/wp\/v2\/product_brand?post=339750"},{"taxonomy":"product_cat","embeddable":true,"href":"https:\/\/gajos.sk\/eshop\/wp-json\/wp\/v2\/product_cat?post=339750"},{"taxonomy":"product_tag","embeddable":true,"href":"https:\/\/gajos.sk\/eshop\/wp-json\/wp\/v2\/product_tag?post=339750"}],"curies":[{"name":"wp","href":"https:\/\/api.w.org\/{rel}","templated":true}]}}