{"id":339670,"date":"2024-03-01T20:25:05","date_gmt":"2024-03-01T19:25:05","guid":{"rendered":"https:\/\/gajostest.a2hosted.com\/eshop\/triton-vesta\/"},"modified":"2026-05-07T21:28:24","modified_gmt":"2026-05-07T19:28:24","slug":"triton-vesta","status":"publish","type":"product","link":"https:\/\/gajos.sk\/eshop\/p\/triton-vesta\/","title":{"rendered":"TRITON vesta"},"content":{"rendered":"","protected":false},"excerpt":{"rendered":"<p>\u2022 zateplen\u00e1 vesta so stoja\u010dikom \u2022 pred\u013a\u017een\u00fd zadn\u00fd diel \u2022 zap\u00ednanie na\u00a0plastov\u00e9 cvoky<\/p>\n","protected":false},"featured_media":339672,"template":"","meta":{"_acf_changed":false,"inline_featured_image":false},"product_brand":[],"product_cat":[2160,2161,2121],"product_tag":[1179],"class_list":{"0":"post-339670","1":"product","2":"type-product","3":"status-publish","4":"has-post-thumbnail","6":"product_cat-mikiny-svetre-vesty","7":"product_cat-vesty","8":"product_cat-odevy","9":"product_tag-cerva","10":"pa_farba-cervena","11":"pa_farba-cierna","12":"pa_farba-siva","13":"pa_farba-biela","14":"pa_farba-modra","15":"pa_farba-royal-modra","16":"pa_farba-zelena","17":"pa_velkost-xl","18":"pa_velkost-l","19":"pa_velkost-m","20":"pa_velkost-3xl","21":"pa_velkost-xxl","23":"first","24":"instock","25":"taxable","26":"shipping-taxable","27":"purchasable","28":"product-type-variable"},"acf":[],"_links":{"self":[{"href":"https:\/\/gajos.sk\/eshop\/wp-json\/wp\/v2\/product\/339670","targetHints":{"allow":["GET"]}}],"collection":[{"href":"https:\/\/gajos.sk\/eshop\/wp-json\/wp\/v2\/product"}],"about":[{"href":"https:\/\/gajos.sk\/eshop\/wp-json\/wp\/v2\/types\/product"}],"wp:featuredmedia":[{"embeddable":true,"href":"https:\/\/gajos.sk\/eshop\/wp-json\/wp\/v2\/media\/339672"}],"wp:attachment":[{"href":"https:\/\/gajos.sk\/eshop\/wp-json\/wp\/v2\/media?parent=339670"}],"wp:term":[{"taxonomy":"product_brand","embeddable":true,"href":"https:\/\/gajos.sk\/eshop\/wp-json\/wp\/v2\/product_brand?post=339670"},{"taxonomy":"product_cat","embeddable":true,"href":"https:\/\/gajos.sk\/eshop\/wp-json\/wp\/v2\/product_cat?post=339670"},{"taxonomy":"product_tag","embeddable":true,"href":"https:\/\/gajos.sk\/eshop\/wp-json\/wp\/v2\/product_tag?post=339670"}],"curies":[{"name":"wp","href":"https:\/\/api.w.org\/{rel}","templated":true}]}}