{"id":339656,"date":"2024-03-01T20:24:00","date_gmt":"2024-03-01T19:24:00","guid":{"rendered":"https:\/\/gajostest.a2hosted.com\/eshop\/corona-vesta\/"},"modified":"2026-05-07T21:28:24","modified_gmt":"2026-05-07T19:28:24","slug":"corona-vesta","status":"publish","type":"product","link":"https:\/\/gajos.sk\/eshop\/p\/corona-vesta\/","title":{"rendered":"CORONA vesta"},"content":{"rendered":"","protected":false},"excerpt":{"rendered":"<p>\u013dahk\u00e1 pracovn\u00e1 vesta s vreckami.<\/p>\n","protected":false},"featured_media":339658,"template":"","meta":{"_acf_changed":false,"inline_featured_image":false},"product_brand":[],"product_cat":[2160,2161,2121],"product_tag":[1179],"class_list":{"0":"post-339656","1":"product","2":"type-product","3":"status-publish","4":"has-post-thumbnail","6":"product_cat-mikiny-svetre-vesty","7":"product_cat-vesty","8":"product_cat-odevy","9":"product_tag-cerva","10":"pa_farba-zelena","11":"pa_farba-cierna","12":"pa_velkost-3xl","13":"pa_velkost-xxl","14":"pa_velkost-xl","15":"pa_velkost-l","16":"pa_velkost-m","17":"pa_velkost-s","19":"first","20":"instock","21":"taxable","22":"shipping-taxable","23":"purchasable","24":"product-type-variable"},"acf":[],"_links":{"self":[{"href":"https:\/\/gajos.sk\/eshop\/wp-json\/wp\/v2\/product\/339656","targetHints":{"allow":["GET"]}}],"collection":[{"href":"https:\/\/gajos.sk\/eshop\/wp-json\/wp\/v2\/product"}],"about":[{"href":"https:\/\/gajos.sk\/eshop\/wp-json\/wp\/v2\/types\/product"}],"wp:featuredmedia":[{"embeddable":true,"href":"https:\/\/gajos.sk\/eshop\/wp-json\/wp\/v2\/media\/339658"}],"wp:attachment":[{"href":"https:\/\/gajos.sk\/eshop\/wp-json\/wp\/v2\/media?parent=339656"}],"wp:term":[{"taxonomy":"product_brand","embeddable":true,"href":"https:\/\/gajos.sk\/eshop\/wp-json\/wp\/v2\/product_brand?post=339656"},{"taxonomy":"product_cat","embeddable":true,"href":"https:\/\/gajos.sk\/eshop\/wp-json\/wp\/v2\/product_cat?post=339656"},{"taxonomy":"product_tag","embeddable":true,"href":"https:\/\/gajos.sk\/eshop\/wp-json\/wp\/v2\/product_tag?post=339656"}],"curies":[{"name":"wp","href":"https:\/\/api.w.org\/{rel}","templated":true}]}}