{"id":339618,"date":"2024-03-01T20:23:50","date_gmt":"2024-03-01T19:23:50","guid":{"rendered":"https:\/\/gajostest.a2hosted.com\/eshop\/beaver-vesta\/"},"modified":"2026-05-07T21:28:24","modified_gmt":"2026-05-07T19:28:24","slug":"beaver-vesta","status":"publish","type":"product","link":"https:\/\/gajos.sk\/eshop\/p\/beaver-vesta\/","title":{"rendered":"BEAVER vesta"},"content":{"rendered":"","protected":false},"excerpt":{"rendered":"<p>Zateplen\u00e1 nepremokav\u00e1 vesta (prisp\u00f4soben\u00e1 strojov\u00e9mu vy\u0161\u00edvaniu) s pod\u0161\u00edvkou a so zipsom, s\u0165ahovacia \u0161n\u00farka v p\u00e1se.<\/p>\n","protected":false},"featured_media":339620,"template":"","meta":{"_acf_changed":false,"inline_featured_image":false},"product_brand":[],"product_cat":[2160,2161,2121],"product_tag":[1179],"class_list":{"0":"post-339618","1":"product","2":"type-product","3":"status-publish","4":"has-post-thumbnail","6":"product_cat-mikiny-svetre-vesty","7":"product_cat-vesty","8":"product_cat-odevy","9":"product_tag-cerva","10":"pa_farba-cierna","11":"pa_farba-siva","12":"pa_farba-tm-modra","13":"pa_farba-zelena","14":"pa_farba-royal-modra","15":"pa_farba-cervena","16":"pa_velkost-xl","17":"pa_velkost-l","18":"pa_velkost-m","19":"pa_velkost-s","20":"pa_velkost-3xl","21":"pa_velkost-xxl","23":"first","24":"instock","25":"taxable","26":"shipping-taxable","27":"purchasable","28":"product-type-variable"},"acf":[],"_links":{"self":[{"href":"https:\/\/gajos.sk\/eshop\/wp-json\/wp\/v2\/product\/339618","targetHints":{"allow":["GET"]}}],"collection":[{"href":"https:\/\/gajos.sk\/eshop\/wp-json\/wp\/v2\/product"}],"about":[{"href":"https:\/\/gajos.sk\/eshop\/wp-json\/wp\/v2\/types\/product"}],"wp:featuredmedia":[{"embeddable":true,"href":"https:\/\/gajos.sk\/eshop\/wp-json\/wp\/v2\/media\/339620"}],"wp:attachment":[{"href":"https:\/\/gajos.sk\/eshop\/wp-json\/wp\/v2\/media?parent=339618"}],"wp:term":[{"taxonomy":"product_brand","embeddable":true,"href":"https:\/\/gajos.sk\/eshop\/wp-json\/wp\/v2\/product_brand?post=339618"},{"taxonomy":"product_cat","embeddable":true,"href":"https:\/\/gajos.sk\/eshop\/wp-json\/wp\/v2\/product_cat?post=339618"},{"taxonomy":"product_tag","embeddable":true,"href":"https:\/\/gajos.sk\/eshop\/wp-json\/wp\/v2\/product_tag?post=339618"}],"curies":[{"name":"wp","href":"https:\/\/api.w.org\/{rel}","templated":true}]}}