{"id":339604,"date":"2024-03-01T20:23:46","date_gmt":"2024-03-01T19:23:46","guid":{"rendered":"https:\/\/gajostest.a2hosted.com\/eshop\/emerton-winter-vesta\/"},"modified":"2026-04-29T21:36:48","modified_gmt":"2026-04-29T19:36:48","slug":"emerton-winter-vesta","status":"publish","type":"product","link":"https:\/\/gajos.sk\/eshop\/p\/emerton-winter-vesta\/","title":{"rendered":"EMERTON WINTER vesta"},"content":{"rendered":"","protected":false},"excerpt":{"rendered":"<p>Zateplen\u00e1 nepremokav\u00e1 vesta (prisp\u00f4soben\u00e1 strojov\u00e9mu vy\u0161\u00edvaniu) s pod\u0161\u00edvkou a so zipsom, s\u0165ahovacia \u0161n\u00farka v p\u00e1se. Vhodn\u00e9 pre potla\u010d a v\u00fd\u0161ivku.<\/p>\n","protected":false},"featured_media":339606,"template":"","meta":{"_acf_changed":false,"inline_featured_image":false},"product_brand":[],"product_cat":[2160,2161,2121],"product_tag":[1343],"class_list":{"0":"post-339604","1":"product","2":"type-product","3":"status-publish","4":"has-post-thumbnail","6":"product_cat-mikiny-svetre-vesty","7":"product_cat-vesty","8":"product_cat-odevy","9":"product_tag-australian-line","10":"pa_farba-cierna","11":"pa_farba-navy","12":"pa_velkost-3xl","13":"pa_velkost-xxl","14":"pa_velkost-xl","15":"pa_velkost-l","16":"pa_velkost-m","17":"pa_velkost-s","19":"first","20":"instock","21":"taxable","22":"shipping-taxable","23":"purchasable","24":"product-type-variable"},"acf":[],"_links":{"self":[{"href":"https:\/\/gajos.sk\/eshop\/wp-json\/wp\/v2\/product\/339604","targetHints":{"allow":["GET"]}}],"collection":[{"href":"https:\/\/gajos.sk\/eshop\/wp-json\/wp\/v2\/product"}],"about":[{"href":"https:\/\/gajos.sk\/eshop\/wp-json\/wp\/v2\/types\/product"}],"wp:featuredmedia":[{"embeddable":true,"href":"https:\/\/gajos.sk\/eshop\/wp-json\/wp\/v2\/media\/339606"}],"wp:attachment":[{"href":"https:\/\/gajos.sk\/eshop\/wp-json\/wp\/v2\/media?parent=339604"}],"wp:term":[{"taxonomy":"product_brand","embeddable":true,"href":"https:\/\/gajos.sk\/eshop\/wp-json\/wp\/v2\/product_brand?post=339604"},{"taxonomy":"product_cat","embeddable":true,"href":"https:\/\/gajos.sk\/eshop\/wp-json\/wp\/v2\/product_cat?post=339604"},{"taxonomy":"product_tag","embeddable":true,"href":"https:\/\/gajos.sk\/eshop\/wp-json\/wp\/v2\/product_tag?post=339604"}],"curies":[{"name":"wp","href":"https:\/\/api.w.org\/{rel}","templated":true}]}}