{"id":339552,"date":"2024-03-01T20:23:28","date_gmt":"2024-03-01T19:23:28","guid":{"rendered":"https:\/\/gajostest.a2hosted.com\/eshop\/emerton-vesta\/"},"modified":"2026-04-30T21:38:40","modified_gmt":"2026-04-30T19:38:40","slug":"emerton-vesta","status":"publish","type":"product","link":"https:\/\/gajos.sk\/eshop\/p\/emerton-vesta\/","title":{"rendered":"EMERTON vesta"},"content":{"rendered":"","protected":false},"excerpt":{"rendered":"<p>\u2022 vesta pohodln\u00e9ho strihu a s vysokou odolnos\u0165ou \u2022 pre zv\u00fd\u0161enie odolnosti s\u00fa nam\u00e1han\u00e9 miesta vystu\u017een\u00e9 materi\u00e1lom polyester 600D \u2022 multifunk\u010dn\u00e9 vreck\u00e1 \u2022 vyroben\u00e9 do n\u00e1ro\u010dn\u00fdch podmienok<\/p>\n","protected":false},"featured_media":339554,"template":"","meta":{"_acf_changed":false,"inline_featured_image":false},"product_brand":[],"product_cat":[2160,2161,2121],"product_tag":[1343],"class_list":{"0":"post-339552","1":"product","2":"type-product","3":"status-publish","4":"has-post-thumbnail","6":"product_cat-mikiny-svetre-vesty","7":"product_cat-vesty","8":"product_cat-odevy","9":"product_tag-australian-line","10":"pa_farba-oranzova","11":"pa_velkost-3121","12":"pa_velkost-3123","13":"pa_velkost-3155","14":"pa_velkost-3157","15":"pa_velkost-3158","16":"pa_velkost-3159","17":"pa_velkost-3160","18":"pa_velkost-3161","20":"first","21":"instock","22":"taxable","23":"shipping-taxable","24":"purchasable","25":"product-type-variable"},"acf":[],"_links":{"self":[{"href":"https:\/\/gajos.sk\/eshop\/wp-json\/wp\/v2\/product\/339552","targetHints":{"allow":["GET"]}}],"collection":[{"href":"https:\/\/gajos.sk\/eshop\/wp-json\/wp\/v2\/product"}],"about":[{"href":"https:\/\/gajos.sk\/eshop\/wp-json\/wp\/v2\/types\/product"}],"wp:featuredmedia":[{"embeddable":true,"href":"https:\/\/gajos.sk\/eshop\/wp-json\/wp\/v2\/media\/339554"}],"wp:attachment":[{"href":"https:\/\/gajos.sk\/eshop\/wp-json\/wp\/v2\/media?parent=339552"}],"wp:term":[{"taxonomy":"product_brand","embeddable":true,"href":"https:\/\/gajos.sk\/eshop\/wp-json\/wp\/v2\/product_brand?post=339552"},{"taxonomy":"product_cat","embeddable":true,"href":"https:\/\/gajos.sk\/eshop\/wp-json\/wp\/v2\/product_cat?post=339552"},{"taxonomy":"product_tag","embeddable":true,"href":"https:\/\/gajos.sk\/eshop\/wp-json\/wp\/v2\/product_tag?post=339552"}],"curies":[{"name":"wp","href":"https:\/\/api.w.org\/{rel}","templated":true}]}}