{"id":339547,"date":"2024-03-01T20:23:28","date_gmt":"2024-03-01T19:23:28","guid":{"rendered":"https:\/\/gajostest.a2hosted.com\/eshop\/ronne-outdoor-nohavice\/"},"modified":"2026-04-11T17:50:52","modified_gmt":"2026-04-11T15:50:52","slug":"ronne-outdoor-nohavice","status":"publish","type":"product","link":"https:\/\/gajos.sk\/eshop\/p\/ronne-outdoor-nohavice\/","title":{"rendered":"RONNE OUTDOOR nohavice"},"content":{"rendered":"","protected":false},"excerpt":{"rendered":"<p>p\u00e1nske vo\u013eno\u010dasov\u00e9 nohavice s pru\u017en\u00fdm p\u00e1som; 2 postrann\u00e9 vreck\u00e1; 2 multifunk\u010dn\u00e9 stehenn\u00e9 vreck\u00e1; 2 zadn\u00e9 vreck\u00e1; zosilnen\u00e1 oblas\u0165 kolien; reflexn\u00e9 detaily.<\/p>\n","protected":false},"featured_media":339549,"template":"","meta":{"_acf_changed":false,"inline_featured_image":false},"product_brand":[],"product_cat":[2127,2121,2126],"product_tag":[1244],"class_list":{"0":"post-339547","1":"product","2":"type-product","3":"status-publish","4":"has-post-thumbnail","6":"product_cat-nohavice","7":"product_cat-odevy","8":"product_cat-nohavice-a-overaly","9":"product_tag-crv","10":"pa_farba-navy","11":"pa_velkost-l","12":"pa_velkost-m","13":"pa_velkost-s","15":"first","16":"instock","17":"taxable","18":"shipping-taxable","19":"product-type-variable"},"acf":[],"_links":{"self":[{"href":"https:\/\/gajos.sk\/eshop\/wp-json\/wp\/v2\/product\/339547","targetHints":{"allow":["GET"]}}],"collection":[{"href":"https:\/\/gajos.sk\/eshop\/wp-json\/wp\/v2\/product"}],"about":[{"href":"https:\/\/gajos.sk\/eshop\/wp-json\/wp\/v2\/types\/product"}],"wp:featuredmedia":[{"embeddable":true,"href":"https:\/\/gajos.sk\/eshop\/wp-json\/wp\/v2\/media\/339549"}],"wp:attachment":[{"href":"https:\/\/gajos.sk\/eshop\/wp-json\/wp\/v2\/media?parent=339547"}],"wp:term":[{"taxonomy":"product_brand","embeddable":true,"href":"https:\/\/gajos.sk\/eshop\/wp-json\/wp\/v2\/product_brand?post=339547"},{"taxonomy":"product_cat","embeddable":true,"href":"https:\/\/gajos.sk\/eshop\/wp-json\/wp\/v2\/product_cat?post=339547"},{"taxonomy":"product_tag","embeddable":true,"href":"https:\/\/gajos.sk\/eshop\/wp-json\/wp\/v2\/product_tag?post=339547"}],"curies":[{"name":"wp","href":"https:\/\/api.w.org\/{rel}","templated":true}]}}