{"id":339517,"date":"2024-03-01T20:23:14","date_gmt":"2024-03-01T19:23:14","guid":{"rendered":"https:\/\/gajostest.a2hosted.com\/eshop\/cremorne-zimne-nohavice\/"},"modified":"2026-05-07T21:28:23","modified_gmt":"2026-05-07T19:28:23","slug":"cremorne-zimne-nohavice","status":"publish","type":"product","link":"https:\/\/gajos.sk\/eshop\/p\/cremorne-zimne-nohavice\/","title":{"rendered":"CREMORNE zimn\u00e9 nohavice"},"content":{"rendered":"","protected":false},"excerpt":{"rendered":"<p>p\u00e1nske zimn\u00e9 polstrovan\u00e9 nohavice s odn\u00edmate\u013en\u00fdmi trakmi; vystu\u017een\u00e9 kolenn\u00e9 \u010dasti a zadn\u00e9 spodn\u00e9 \u010dasti nohav\u00edc; 2 bo\u010dn\u00e9 vreck\u00e1 na zips; 1 zadn\u00e9 vrecko na zips<\/p>\n","protected":false},"featured_media":339519,"template":"","meta":{"_acf_changed":false,"inline_featured_image":false},"product_brand":[],"product_cat":[2121,2127,2126],"product_tag":[1179],"class_list":{"0":"post-339517","1":"product","2":"type-product","3":"status-publish","4":"has-post-thumbnail","6":"product_cat-odevy","7":"product_cat-nohavice","8":"product_cat-nohavice-a-overaly","9":"product_tag-cerva","10":"pa_farba-navy","11":"pa_farba-petrolejova","12":"pa_farba-sv-olivova","13":"pa_farba-siva","14":"pa_velkost-l","15":"pa_velkost-m","16":"pa_velkost-s","17":"pa_velkost-3xl","18":"pa_velkost-xxl","19":"pa_velkost-4xl","20":"pa_velkost-xl","22":"first","23":"instock","24":"taxable","25":"shipping-taxable","26":"purchasable","27":"product-type-variable"},"acf":[],"_links":{"self":[{"href":"https:\/\/gajos.sk\/eshop\/wp-json\/wp\/v2\/product\/339517","targetHints":{"allow":["GET"]}}],"collection":[{"href":"https:\/\/gajos.sk\/eshop\/wp-json\/wp\/v2\/product"}],"about":[{"href":"https:\/\/gajos.sk\/eshop\/wp-json\/wp\/v2\/types\/product"}],"wp:featuredmedia":[{"embeddable":true,"href":"https:\/\/gajos.sk\/eshop\/wp-json\/wp\/v2\/media\/339519"}],"wp:attachment":[{"href":"https:\/\/gajos.sk\/eshop\/wp-json\/wp\/v2\/media?parent=339517"}],"wp:term":[{"taxonomy":"product_brand","embeddable":true,"href":"https:\/\/gajos.sk\/eshop\/wp-json\/wp\/v2\/product_brand?post=339517"},{"taxonomy":"product_cat","embeddable":true,"href":"https:\/\/gajos.sk\/eshop\/wp-json\/wp\/v2\/product_cat?post=339517"},{"taxonomy":"product_tag","embeddable":true,"href":"https:\/\/gajos.sk\/eshop\/wp-json\/wp\/v2\/product_tag?post=339517"}],"curies":[{"name":"wp","href":"https:\/\/api.w.org\/{rel}","templated":true}]}}