{"id":339488,"date":"2024-03-01T20:23:08","date_gmt":"2024-03-01T19:23:08","guid":{"rendered":"https:\/\/gajostest.a2hosted.com\/eshop\/lagan-nohavice\/"},"modified":"2026-05-07T21:28:23","modified_gmt":"2026-05-07T19:28:23","slug":"lagan-nohavice","status":"publish","type":"product","link":"https:\/\/gajos.sk\/eshop\/p\/lagan-nohavice\/","title":{"rendered":"LAGAN nohavice"},"content":{"rendered":"","protected":false},"excerpt":{"rendered":"<p>p\u00e1nske vo\u013eno\u010dasov\u00e9 nohavice z bavlny s pr\u00edmesou elastanu v\u00a0z\u00fa\u017eenom strihu; \u013eahk\u00e1 gram\u00e1\u017e; pru\u017en\u00fd p\u00e1s; 2 predn\u00e9 bo\u010dn\u00e9 vreck\u00e1; 2 zadn\u00e9 vreck\u00e1<\/p>\n","protected":false},"featured_media":339490,"template":"","meta":{"_acf_changed":false,"inline_featured_image":false},"product_brand":[],"product_cat":[2121,2127,2126],"product_tag":[1179],"class_list":{"0":"post-339488","1":"product","2":"type-product","3":"status-publish","4":"has-post-thumbnail","6":"product_cat-odevy","7":"product_cat-nohavice","8":"product_cat-nohavice-a-overaly","9":"product_tag-cerva","10":"pa_farba-cierna","11":"pa_farba-siva","12":"pa_farba-navy","13":"pa_velkost-3161","14":"pa_velkost-3110","15":"pa_velkost-3121","16":"pa_velkost-3123","17":"pa_velkost-3155","18":"pa_velkost-3157","19":"pa_velkost-3158","20":"pa_velkost-3159","21":"pa_velkost-3160","23":"first","24":"instock","25":"taxable","26":"shipping-taxable","27":"purchasable","28":"product-type-variable"},"acf":[],"_links":{"self":[{"href":"https:\/\/gajos.sk\/eshop\/wp-json\/wp\/v2\/product\/339488","targetHints":{"allow":["GET"]}}],"collection":[{"href":"https:\/\/gajos.sk\/eshop\/wp-json\/wp\/v2\/product"}],"about":[{"href":"https:\/\/gajos.sk\/eshop\/wp-json\/wp\/v2\/types\/product"}],"wp:featuredmedia":[{"embeddable":true,"href":"https:\/\/gajos.sk\/eshop\/wp-json\/wp\/v2\/media\/339490"}],"wp:attachment":[{"href":"https:\/\/gajos.sk\/eshop\/wp-json\/wp\/v2\/media?parent=339488"}],"wp:term":[{"taxonomy":"product_brand","embeddable":true,"href":"https:\/\/gajos.sk\/eshop\/wp-json\/wp\/v2\/product_brand?post=339488"},{"taxonomy":"product_cat","embeddable":true,"href":"https:\/\/gajos.sk\/eshop\/wp-json\/wp\/v2\/product_cat?post=339488"},{"taxonomy":"product_tag","embeddable":true,"href":"https:\/\/gajos.sk\/eshop\/wp-json\/wp\/v2\/product_tag?post=339488"}],"curies":[{"name":"wp","href":"https:\/\/api.w.org\/{rel}","templated":true}]}}