{"id":339464,"date":"2024-03-01T20:22:01","date_gmt":"2024-03-01T19:22:01","guid":{"rendered":"https:\/\/gajostest.a2hosted.com\/eshop\/emerton-plus-nohavice\/"},"modified":"2026-05-07T21:28:23","modified_gmt":"2026-05-07T19:28:23","slug":"emerton-plus-nohavice","status":"publish","type":"product","link":"https:\/\/gajos.sk\/eshop\/p\/emerton-plus-nohavice\/","title":{"rendered":"EMERTON PLUS nohavice"},"content":{"rendered":"","protected":false},"excerpt":{"rendered":"<p>p\u00e1nske pracovn\u00e9 nohavice; modern\u00fd strih a atrakt\u00edvny design;  mnoho multifunk\u010dn\u00fdch a priestrann\u00fdch vreciek; 2 p\u00fatka na n\u00e1radie; zosilnen\u00e9 vreck\u00e1 na n\u00e1kolenn\u00edky z materi\u00e1lu Oxford;  odoln\u00e9 trojit\u00e9 pre\u0161itie nohav\u00edc v sede; elastick\u00e9 spracovanie p\u00e1sa; &#8222;D&#8220; kr\u00fa\u017eok; reflexn\u00e9 prvky; kontrastn\u00e9 pre\u0161itie a uz\u00e1vierky; nastavite\u013en\u00e1 d\u013a\u017eka nohav\u00edc<\/p>\n","protected":false},"featured_media":339466,"template":"","meta":{"_acf_changed":false,"inline_featured_image":false},"product_brand":[],"product_cat":[2127,2121,2126],"product_tag":[1179],"class_list":{"0":"post-339464","1":"product","2":"type-product","3":"status-publish","4":"has-post-thumbnail","6":"product_cat-nohavice","7":"product_cat-odevy","8":"product_cat-nohavice-a-overaly","9":"product_tag-cerva","10":"pa_farba-antracit-oranzova","11":"pa_velkost-3110","12":"pa_velkost-3121","13":"pa_velkost-3123","14":"pa_velkost-3155","15":"pa_velkost-3157","16":"pa_velkost-3158","17":"pa_velkost-3159","18":"pa_velkost-3160","19":"pa_velkost-3161","20":"pa_velkost-3162","22":"first","23":"instock","24":"taxable","25":"shipping-taxable","26":"purchasable","27":"product-type-variable"},"acf":[],"_links":{"self":[{"href":"https:\/\/gajos.sk\/eshop\/wp-json\/wp\/v2\/product\/339464","targetHints":{"allow":["GET"]}}],"collection":[{"href":"https:\/\/gajos.sk\/eshop\/wp-json\/wp\/v2\/product"}],"about":[{"href":"https:\/\/gajos.sk\/eshop\/wp-json\/wp\/v2\/types\/product"}],"wp:featuredmedia":[{"embeddable":true,"href":"https:\/\/gajos.sk\/eshop\/wp-json\/wp\/v2\/media\/339466"}],"wp:attachment":[{"href":"https:\/\/gajos.sk\/eshop\/wp-json\/wp\/v2\/media?parent=339464"}],"wp:term":[{"taxonomy":"product_brand","embeddable":true,"href":"https:\/\/gajos.sk\/eshop\/wp-json\/wp\/v2\/product_brand?post=339464"},{"taxonomy":"product_cat","embeddable":true,"href":"https:\/\/gajos.sk\/eshop\/wp-json\/wp\/v2\/product_cat?post=339464"},{"taxonomy":"product_tag","embeddable":true,"href":"https:\/\/gajos.sk\/eshop\/wp-json\/wp\/v2\/product_tag?post=339464"}],"curies":[{"name":"wp","href":"https:\/\/api.w.org\/{rel}","templated":true}]}}