{"id":339325,"date":"2024-03-01T20:21:17","date_gmt":"2024-03-01T19:21:17","guid":{"rendered":"https:\/\/gajostest.a2hosted.com\/eshop\/cremorne-nohavice\/"},"modified":"2026-05-07T21:28:23","modified_gmt":"2026-05-07T19:28:23","slug":"cremorne-nohavice","status":"publish","type":"product","link":"https:\/\/gajos.sk\/eshop\/p\/cremorne-nohavice\/","title":{"rendered":"CREMORNE nohavice"},"content":{"rendered":"","protected":false},"excerpt":{"rendered":"<p>p\u00e1nske pracovn\u00e9 nohavice z hustej bavlnenej tkaniny; modern\u00fd strih; zosilnen\u00e1 oblas\u0165 kolien s mo\u017enos\u0165ou vlo\u017eenia kolenn\u00fdch v\u00fdstuh; 2 bo\u010dn\u00e9 vreck\u00e1; 1 bo\u010dn\u00e9 multifunk\u010dn\u00e9 vrecko na nohavici; zadn\u00e9 vrecko so such\u00fdm zipsom; elastick\u00fd p\u00e1s; D-kr\u00fa\u017eok; pred\u013a\u017eite\u013en\u00e1 d\u013a\u017eka nohav\u00edc<\/p>\n","protected":false},"featured_media":339327,"template":"","meta":{"_acf_changed":false,"inline_featured_image":false},"product_brand":[],"product_cat":[2121,2127,2126],"product_tag":[1179],"class_list":{"0":"post-339325","1":"product","2":"type-product","3":"status-publish","4":"has-post-thumbnail","6":"product_cat-odevy","7":"product_cat-nohavice","8":"product_cat-nohavice-a-overaly","9":"product_tag-cerva","10":"pa_farba-petrolejova","11":"pa_farba-sv-olivova","12":"pa_farba-navy","13":"pa_farba-siva","14":"pa_farba-biela","15":"pa_velkost-3159","16":"pa_velkost-3110","17":"pa_velkost-3160","18":"pa_velkost-3112","19":"pa_velkost-3161","20":"pa_velkost-3114","21":"pa_velkost-3162","22":"pa_velkost-3116","23":"pa_velkost-3121","24":"pa_velkost-3123","25":"pa_velkost-3155","26":"pa_velkost-3157","27":"pa_velkost-3158","29":"first","30":"instock","31":"taxable","32":"shipping-taxable","33":"purchasable","34":"product-type-variable"},"acf":[],"_links":{"self":[{"href":"https:\/\/gajos.sk\/eshop\/wp-json\/wp\/v2\/product\/339325","targetHints":{"allow":["GET"]}}],"collection":[{"href":"https:\/\/gajos.sk\/eshop\/wp-json\/wp\/v2\/product"}],"about":[{"href":"https:\/\/gajos.sk\/eshop\/wp-json\/wp\/v2\/types\/product"}],"wp:featuredmedia":[{"embeddable":true,"href":"https:\/\/gajos.sk\/eshop\/wp-json\/wp\/v2\/media\/339327"}],"wp:attachment":[{"href":"https:\/\/gajos.sk\/eshop\/wp-json\/wp\/v2\/media?parent=339325"}],"wp:term":[{"taxonomy":"product_brand","embeddable":true,"href":"https:\/\/gajos.sk\/eshop\/wp-json\/wp\/v2\/product_brand?post=339325"},{"taxonomy":"product_cat","embeddable":true,"href":"https:\/\/gajos.sk\/eshop\/wp-json\/wp\/v2\/product_cat?post=339325"},{"taxonomy":"product_tag","embeddable":true,"href":"https:\/\/gajos.sk\/eshop\/wp-json\/wp\/v2\/product_tag?post=339325"}],"curies":[{"name":"wp","href":"https:\/\/api.w.org\/{rel}","templated":true}]}}