{"id":339009,"date":"2024-03-01T20:15:28","date_gmt":"2024-03-01T19:15:28","guid":{"rendered":"https:\/\/gajostest.a2hosted.com\/eshop\/kairo-asfrea-naprs-nohavice\/"},"modified":"2026-05-07T21:26:28","modified_gmt":"2026-05-07T19:26:28","slug":"kairo-asfrea-naprs-nohavice","status":"publish","type":"product","link":"https:\/\/gajos.sk\/eshop\/p\/kairo-asfrea-naprs-nohavice\/","title":{"rendered":"KAIRO AS+FR+EA n\u00e1prs.nohavice"},"content":{"rendered":"","protected":false},"excerpt":{"rendered":"<p>Antistatick\u00fd ochrann\u00fd odev pon\u00faka ochranu pred teplom, oh\u0148om a elektrick\u00fdm obl\u00fakom. Poskytuje vhodn\u00fa ochranu pred \u00fa\u010dinkami elektrick\u00e9ho obl\u00faka vzniknut\u00e9ho , pri jednof\u00e1zovom skrate (7 000 A) v sieti n\u00edzk\u00e9ho nap\u00e4tia (max. 400 V, striedav\u00e9 nap\u00e4tie 50 Hz). Jeho materi\u00e1l m\u00e1 antistatick\u00e9 (elektrostaticky disipativne) vlastnosti, a z tohto d\u00f4vodu ho nie je mo\u017en\u00e9 pou\u017e\u00edva\u0165 vo v\u00fdbu\u0161n\u00fdch prostrediach a v bl\u00edzkosti hor\u013eav\u00fdch materi\u00e1lov. Hod\u00ed sa pre pracovn\u00edkov vystaven\u00fdch teplu a oh\u0148u. Ochrann\u00fd odev zaist\u00ed ochranu pred \u00fa\u010dinkami priameho oh\u0148a po dobu 4 sek\u00fand a pred \u00fa\u010dinkami tepla s intenzitou 20 kW\/m2 po dobu 7 sek\u00fand. Materi\u00e1l je s\u00e1m o sobe odoln\u00fd vo\u010di teplu a oh\u0148u, a pranie tak na \u0148om nem\u00e1 \u017eiadny vplyv. N\u00e1prsn\u00e9 vrecko; bo\u010dn\u00e9 vreck\u00e1; zdvojen\u00fd materi\u00e1l &#8211; od stehien do p\u00e1sa; 1-1 striebrn\u00fd p\u00e1sik a hi-vis \u017elt\u00fd reflexn\u00fd p\u00e1sik na nohaviciach<\/p>\n","protected":false},"featured_media":339011,"template":"","meta":{"_acf_changed":false,"inline_featured_image":false},"product_brand":[],"product_cat":[2127,2121,2126],"product_tag":[1371],"class_list":{"0":"post-339009","1":"product","2":"type-product","3":"status-publish","4":"has-post-thumbnail","6":"product_cat-nohavice","7":"product_cat-odevy","8":"product_cat-nohavice-a-overaly","9":"product_tag-vektor","10":"pa_farba-cervena","11":"pa_velkost-3110","13":"first","14":"instock","15":"taxable","16":"shipping-taxable","17":"purchasable","18":"product-type-variable"},"acf":[],"_links":{"self":[{"href":"https:\/\/gajos.sk\/eshop\/wp-json\/wp\/v2\/product\/339009","targetHints":{"allow":["GET"]}}],"collection":[{"href":"https:\/\/gajos.sk\/eshop\/wp-json\/wp\/v2\/product"}],"about":[{"href":"https:\/\/gajos.sk\/eshop\/wp-json\/wp\/v2\/types\/product"}],"wp:featuredmedia":[{"embeddable":true,"href":"https:\/\/gajos.sk\/eshop\/wp-json\/wp\/v2\/media\/339011"}],"wp:attachment":[{"href":"https:\/\/gajos.sk\/eshop\/wp-json\/wp\/v2\/media?parent=339009"}],"wp:term":[{"taxonomy":"product_brand","embeddable":true,"href":"https:\/\/gajos.sk\/eshop\/wp-json\/wp\/v2\/product_brand?post=339009"},{"taxonomy":"product_cat","embeddable":true,"href":"https:\/\/gajos.sk\/eshop\/wp-json\/wp\/v2\/product_cat?post=339009"},{"taxonomy":"product_tag","embeddable":true,"href":"https:\/\/gajos.sk\/eshop\/wp-json\/wp\/v2\/product_tag?post=339009"}],"curies":[{"name":"wp","href":"https:\/\/api.w.org\/{rel}","templated":true}]}}