{"id":338944,"date":"2024-03-01T20:15:10","date_gmt":"2024-03-01T19:15:10","guid":{"rendered":"https:\/\/gajostest.a2hosted.com\/eshop\/keilor-nohavice\/"},"modified":"2026-05-07T21:26:28","modified_gmt":"2026-05-07T19:26:28","slug":"keilor-nohavice","status":"publish","type":"product","link":"https:\/\/gajos.sk\/eshop\/p\/keilor-nohavice\/","title":{"rendered":"KEILOR nohavice"},"content":{"rendered":"","protected":false},"excerpt":{"rendered":"<p>p\u00e1nske pracovn\u00e9 nohavice z elastick\u00e9ho materi\u00e1lu; 2 postrann\u00fdmi vreckami a 2 vlo\u017eite\u013en\u00fdmi multifunk\u010dn\u00fdmi vreckami na n\u00e1radie; &#8222;D&#8220; kr\u00fa\u017eok; 1 bo\u010dn\u00e9 vrecko na nohavici s pr\u00edklopkou; 1 vrecko na nohavici na  zips; 2 nakladan\u00e9 zadn\u00e9 vreck\u00e1 s pr\u00edklopkou; zes\u00edlnen\u00e1 oblas\u0165 kolien s mo\u017enos\u0165ou vkladania kolenn\u00fdch v\u00fdstuh; z\u00e1lo\u017eka na nohaviciach umo\u017e\u0148uj\u00faca pred\u013a\u017eenie d\u013a\u017eky a\u017e o 5 cm; zesilnen\u00e1 zadn\u00e1 strana spodku nohav\u00edc; dekorat\u00edvne pre\u0161itie; 265 g\/m2<\/p>\n","protected":false},"featured_media":338946,"template":"","meta":{"_acf_changed":false,"inline_featured_image":false},"product_brand":[],"product_cat":[2121,2127,2126],"product_tag":[1179],"class_list":{"0":"post-338944","1":"product","2":"type-product","3":"status-publish","4":"has-post-thumbnail","6":"product_cat-odevy","7":"product_cat-nohavice","8":"product_cat-nohavice-a-overaly","9":"product_tag-cerva","10":"pa_farba-royal-modra","11":"pa_farba-navy","12":"pa_farba-olivova","13":"pa_farba-cervena","14":"pa_farba-cierna","15":"pa_farba-siva","16":"pa_farba-bezova","17":"pa_velkost-3161","18":"pa_velkost-3110","19":"pa_velkost-3121","20":"pa_velkost-3123","21":"pa_velkost-3155","22":"pa_velkost-3157","23":"pa_velkost-3158","24":"pa_velkost-3159","25":"pa_velkost-3160","27":"first","28":"instock","29":"taxable","30":"shipping-taxable","31":"purchasable","32":"product-type-variable"},"acf":[],"_links":{"self":[{"href":"https:\/\/gajos.sk\/eshop\/wp-json\/wp\/v2\/product\/338944","targetHints":{"allow":["GET"]}}],"collection":[{"href":"https:\/\/gajos.sk\/eshop\/wp-json\/wp\/v2\/product"}],"about":[{"href":"https:\/\/gajos.sk\/eshop\/wp-json\/wp\/v2\/types\/product"}],"wp:featuredmedia":[{"embeddable":true,"href":"https:\/\/gajos.sk\/eshop\/wp-json\/wp\/v2\/media\/338946"}],"wp:attachment":[{"href":"https:\/\/gajos.sk\/eshop\/wp-json\/wp\/v2\/media?parent=338944"}],"wp:term":[{"taxonomy":"product_brand","embeddable":true,"href":"https:\/\/gajos.sk\/eshop\/wp-json\/wp\/v2\/product_brand?post=338944"},{"taxonomy":"product_cat","embeddable":true,"href":"https:\/\/gajos.sk\/eshop\/wp-json\/wp\/v2\/product_cat?post=338944"},{"taxonomy":"product_tag","embeddable":true,"href":"https:\/\/gajos.sk\/eshop\/wp-json\/wp\/v2\/product_tag?post=338944"}],"curies":[{"name":"wp","href":"https:\/\/api.w.org\/{rel}","templated":true}]}}