{"id":338909,"date":"2024-03-01T20:14:01","date_gmt":"2024-03-01T19:14:01","guid":{"rendered":"https:\/\/gajostest.a2hosted.com\/eshop\/montrose-lady-naprs-nohavice\/"},"modified":"2026-05-07T21:26:28","modified_gmt":"2026-05-07T19:26:28","slug":"montrose-lady-naprs-nohavice","status":"publish","type":"product","link":"https:\/\/gajos.sk\/eshop\/p\/montrose-lady-naprs-nohavice\/","title":{"rendered":"MONTROSE LADY n\u00e1prs.nohavice"},"content":{"rendered":"","protected":false},"excerpt":{"rendered":"<p>d\u00e1mske pracovn\u00e9 n\u00e1prsenkov\u00e9 nohavice z \u013eahk\u00e9ho zmesov\u00e9ho materi\u00e1lu bavlny \/ polyesteru twill; \u017eensk\u00fd strih; dekorativne lemovky v kontrastnej farbe; pr\u00edjemn\u00fd komfort nosenia a odvetrania v\u010faka vsadk\u00e1m zo sie\u0165oviny; kompletne kryt\u00e9 zap\u00ednanie; nastavite\u013en\u00e1 d\u013a\u017eka nohav\u00edc a\u017e o 5 cm; 2 postrann\u00e9 vreck\u00e1; 1 zadn\u00e9 vrecko; 1 n\u00e1prsn\u00e9  vrecko, vo vn\u00fatri \u201eD\u201c kr\u00fa\u017eok; vhodn\u00e9 pre industri\u00e1lne pranie; mo\u017enos\u0165 vlo\u017eenia identifika\u010dn\u00e9ho \u010dipu<\/p>\n","protected":false},"featured_media":338911,"template":"","meta":{"_acf_changed":false,"inline_featured_image":false},"product_brand":[],"product_cat":[2121,2127,2126],"product_tag":[1179],"class_list":{"0":"post-338909","1":"product","2":"type-product","3":"status-publish","4":"has-post-thumbnail","6":"product_cat-odevy","7":"product_cat-nohavice","8":"product_cat-nohavice-a-overaly","9":"product_tag-cerva","10":"pa_farba-biela-siva","11":"pa_farba-siva-tm-siva","12":"pa_farba-royal-navy","13":"pa_velkost-3195","14":"pa_velkost-3110","15":"pa_velkost-3112","16":"pa_velkost-3114","17":"pa_velkost-3116","18":"pa_velkost-3118","19":"pa_velkost-3120","20":"pa_velkost-3121","21":"pa_velkost-3123","22":"pa_velkost-3160","23":"pa_velkost-3161","25":"first","26":"instock","27":"taxable","28":"shipping-taxable","29":"purchasable","30":"product-type-variable"},"acf":[],"_links":{"self":[{"href":"https:\/\/gajos.sk\/eshop\/wp-json\/wp\/v2\/product\/338909","targetHints":{"allow":["GET"]}}],"collection":[{"href":"https:\/\/gajos.sk\/eshop\/wp-json\/wp\/v2\/product"}],"about":[{"href":"https:\/\/gajos.sk\/eshop\/wp-json\/wp\/v2\/types\/product"}],"wp:featuredmedia":[{"embeddable":true,"href":"https:\/\/gajos.sk\/eshop\/wp-json\/wp\/v2\/media\/338911"}],"wp:attachment":[{"href":"https:\/\/gajos.sk\/eshop\/wp-json\/wp\/v2\/media?parent=338909"}],"wp:term":[{"taxonomy":"product_brand","embeddable":true,"href":"https:\/\/gajos.sk\/eshop\/wp-json\/wp\/v2\/product_brand?post=338909"},{"taxonomy":"product_cat","embeddable":true,"href":"https:\/\/gajos.sk\/eshop\/wp-json\/wp\/v2\/product_cat?post=338909"},{"taxonomy":"product_tag","embeddable":true,"href":"https:\/\/gajos.sk\/eshop\/wp-json\/wp\/v2\/product_tag?post=338909"}],"curies":[{"name":"wp","href":"https:\/\/api.w.org\/{rel}","templated":true}]}}