{"id":338836,"date":"2024-03-01T20:13:45","date_gmt":"2024-03-01T19:13:45","guid":{"rendered":"https:\/\/gajostest.a2hosted.com\/eshop\/montrose-lady-nohavice\/"},"modified":"2026-05-07T21:26:27","modified_gmt":"2026-05-07T19:26:27","slug":"montrose-lady-nohavice","status":"publish","type":"product","link":"https:\/\/gajos.sk\/eshop\/p\/montrose-lady-nohavice\/","title":{"rendered":"MONTROSE LADY nohavice"},"content":{"rendered":"","protected":false},"excerpt":{"rendered":"<p>d\u00e1mske pracovn\u00e9 nohavice z \u013eahk\u00e9ho zmesov\u00e9ho materi\u00e1lu bavlny \/ polyesteru twill; \u017eensk\u00fd strih; dekorativne lemovky v kontrastnej farbe; pr\u00edjemn\u00fd komfort nosenia a odvetrania v\u010faka vsadk\u00e1m zo sie\u0165oviny; kompletne kryt\u00e9 zap\u00ednania; nastavite\u013en\u00fd obvod p\u00e1su v\u010faka such\u00fdm zipsom po stran\u00e1ch; nastavite\u013en\u00e1 d\u013a\u017eka nohavic a\u017e o 5 cm; 2 postrann\u00e9 vreck\u00e1; vo vn\u00fatri jedn\u00e9ho \u201eD\u201c kr\u00fa\u017eok; 1 zadn\u00e9 vrecko; vhodn\u00e9 pre industri\u00e1lne pranie; mo\u017enos\u0165 vlo\u017eenia identifika\u010dn\u00e9ho \u010dipu<\/p>\n","protected":false},"featured_media":338838,"template":"","meta":{"_acf_changed":false,"inline_featured_image":false},"product_brand":[],"product_cat":[2121,2127,2126],"product_tag":[1179],"class_list":{"0":"post-338836","1":"product","2":"type-product","3":"status-publish","4":"has-post-thumbnail","6":"product_cat-odevy","7":"product_cat-nohavice","8":"product_cat-nohavice-a-overaly","9":"product_tag-cerva","10":"pa_farba-biela-siva","11":"pa_farba-siva-tm-siva","12":"pa_farba-royal-navy","13":"pa_velkost-3118","14":"pa_velkost-3120","15":"pa_velkost-3121","16":"pa_velkost-3123","17":"pa_velkost-3160","18":"pa_velkost-3161","19":"pa_velkost-3195","20":"pa_velkost-3110","21":"pa_velkost-3112","22":"pa_velkost-3114","23":"pa_velkost-3116","25":"first","26":"instock","27":"taxable","28":"shipping-taxable","29":"purchasable","30":"product-type-variable"},"acf":[],"_links":{"self":[{"href":"https:\/\/gajos.sk\/eshop\/wp-json\/wp\/v2\/product\/338836","targetHints":{"allow":["GET"]}}],"collection":[{"href":"https:\/\/gajos.sk\/eshop\/wp-json\/wp\/v2\/product"}],"about":[{"href":"https:\/\/gajos.sk\/eshop\/wp-json\/wp\/v2\/types\/product"}],"wp:featuredmedia":[{"embeddable":true,"href":"https:\/\/gajos.sk\/eshop\/wp-json\/wp\/v2\/media\/338838"}],"wp:attachment":[{"href":"https:\/\/gajos.sk\/eshop\/wp-json\/wp\/v2\/media?parent=338836"}],"wp:term":[{"taxonomy":"product_brand","embeddable":true,"href":"https:\/\/gajos.sk\/eshop\/wp-json\/wp\/v2\/product_brand?post=338836"},{"taxonomy":"product_cat","embeddable":true,"href":"https:\/\/gajos.sk\/eshop\/wp-json\/wp\/v2\/product_cat?post=338836"},{"taxonomy":"product_tag","embeddable":true,"href":"https:\/\/gajos.sk\/eshop\/wp-json\/wp\/v2\/product_tag?post=338836"}],"curies":[{"name":"wp","href":"https:\/\/api.w.org\/{rel}","templated":true}]}}