{"id":338694,"date":"2024-03-01T20:13:11","date_gmt":"2024-03-01T19:13:11","guid":{"rendered":"https:\/\/gajostest.a2hosted.com\/eshop\/knoxfield-320-3-4-nohavice\/"},"modified":"2026-05-07T21:26:27","modified_gmt":"2026-05-07T19:26:27","slug":"knoxfield-320-3-4-nohavice","status":"publish","type":"product","link":"https:\/\/gajos.sk\/eshop\/p\/knoxfield-320-3-4-nohavice\/","title":{"rendered":"KNOXFIELD 320 3\/4 nohavice"},"content":{"rendered":"","protected":false},"excerpt":{"rendered":"<p>p\u00e1nske pracovn\u00e9 3\/4  nohavice s elastick\u00fdm p\u00e1som; 2 postrann\u00fdmi vreckami a 2 vlo\u017eite\u013en\u00fdmi multifunk\u010dn\u00fdmi vreckami na n\u00e1radie; 2 bo\u010dn\u00fdmi vreckami na nohaviciach + 1 transparentn\u00e9 na ID kartu, D kr\u00fa\u017eok; 2 nakladan\u00e9 zadn\u00e9 vreck\u00e1 s pr\u00edklpokou; p\u00fatko na n\u00e1radie v kontrastnej farbe; 2 postrann\u00e9 p\u00fatka na n\u00e1radie; zesilnen\u00e1 oblas\u0165 kolien s mo\u017enos\u0165ou vkladania kolenn\u00fdch v\u00fdstuh; dekorat\u00edvne pre\u0161itie a\u00a0kontrastn\u00e9 prvky v\u00a0hi-vis farbe<\/p>\n","protected":false},"featured_media":338696,"template":"","meta":{"_acf_changed":false,"inline_featured_image":false},"product_brand":[],"product_cat":[2121,2127,2126],"product_tag":[1179],"class_list":{"0":"post-338694","1":"product","2":"type-product","3":"status-publish","4":"has-post-thumbnail","6":"product_cat-odevy","7":"product_cat-nohavice","8":"product_cat-nohavice-a-overaly","9":"product_tag-cerva","10":"pa_farba-antracit-oranzova","11":"pa_farba-antracit-zlta","12":"pa_farba-antracit-cervena","13":"pa_velkost-3155","14":"pa_velkost-3157","15":"pa_velkost-3158","16":"pa_velkost-3159","17":"pa_velkost-3160","18":"pa_velkost-3161","19":"pa_velkost-3162","20":"pa_velkost-3110","21":"pa_velkost-3121","22":"pa_velkost-3123","24":"first","25":"instock","26":"taxable","27":"shipping-taxable","28":"purchasable","29":"product-type-variable"},"acf":[],"_links":{"self":[{"href":"https:\/\/gajos.sk\/eshop\/wp-json\/wp\/v2\/product\/338694","targetHints":{"allow":["GET"]}}],"collection":[{"href":"https:\/\/gajos.sk\/eshop\/wp-json\/wp\/v2\/product"}],"about":[{"href":"https:\/\/gajos.sk\/eshop\/wp-json\/wp\/v2\/types\/product"}],"wp:featuredmedia":[{"embeddable":true,"href":"https:\/\/gajos.sk\/eshop\/wp-json\/wp\/v2\/media\/338696"}],"wp:attachment":[{"href":"https:\/\/gajos.sk\/eshop\/wp-json\/wp\/v2\/media?parent=338694"}],"wp:term":[{"taxonomy":"product_brand","embeddable":true,"href":"https:\/\/gajos.sk\/eshop\/wp-json\/wp\/v2\/product_brand?post=338694"},{"taxonomy":"product_cat","embeddable":true,"href":"https:\/\/gajos.sk\/eshop\/wp-json\/wp\/v2\/product_cat?post=338694"},{"taxonomy":"product_tag","embeddable":true,"href":"https:\/\/gajos.sk\/eshop\/wp-json\/wp\/v2\/product_tag?post=338694"}],"curies":[{"name":"wp","href":"https:\/\/api.w.org\/{rel}","templated":true}]}}