{"id":338675,"date":"2024-03-01T20:13:03","date_gmt":"2024-03-01T19:13:03","guid":{"rendered":"https:\/\/gajostest.a2hosted.com\/eshop\/forest-profi-stretch-nohavice-s-napr\/"},"modified":"2026-04-11T17:50:48","modified_gmt":"2026-04-11T15:50:48","slug":"forest-profi-stretch-nohavice-s-napr","status":"publish","type":"product","link":"https:\/\/gajos.sk\/eshop\/p\/forest-profi-stretch-nohavice-s-napr\/","title":{"rendered":"FOREST PROFI STRETCH nohavice s napr."},"content":{"rendered":"","protected":false},"excerpt":{"rendered":"<p>\u2022 protipor\u00e9zne nohavice s n\u00e1prsenkou z unik\u00e1tnej stre\u010dovej tkaniny zais\u0165uj\u00facej jej priedu\u0161nos\u0165 a vodeodpudivos\u0165 \u2022 predn\u00fd spodn\u00fd diel z trojvrstvej tkaniny s membr\u00e1nou zvy\u0161uj\u00facej vodeodolnos\u0165 \u2022 umiestnenie vrecka na k\u013e\u00fa\u010d k motorovej p\u00edle na pravej strane nohav\u00edc \u2022 vodeodoln\u00e9 zipsy \u2022 reflexn\u00e9 prvky \u2022 n\u00edzka hmotnos\u0165<\/p>\n","protected":false},"featured_media":338677,"template":"","meta":{"_acf_changed":false,"inline_featured_image":false},"product_brand":[],"product_cat":[2121,2127,2126],"product_tag":[1353],"class_list":{"0":"post-338675","1":"product","2":"type-product","3":"status-publish","4":"has-post-thumbnail","6":"product_cat-odevy","7":"product_cat-nohavice","8":"product_cat-nohavice-a-overaly","9":"product_tag-profesional","10":"pa_farba-siva-oranzova","11":"pa_velkost-60-170","13":"first","14":"instock","15":"taxable","16":"shipping-taxable","17":"product-type-variable"},"acf":[],"_links":{"self":[{"href":"https:\/\/gajos.sk\/eshop\/wp-json\/wp\/v2\/product\/338675","targetHints":{"allow":["GET"]}}],"collection":[{"href":"https:\/\/gajos.sk\/eshop\/wp-json\/wp\/v2\/product"}],"about":[{"href":"https:\/\/gajos.sk\/eshop\/wp-json\/wp\/v2\/types\/product"}],"wp:featuredmedia":[{"embeddable":true,"href":"https:\/\/gajos.sk\/eshop\/wp-json\/wp\/v2\/media\/338677"}],"wp:attachment":[{"href":"https:\/\/gajos.sk\/eshop\/wp-json\/wp\/v2\/media?parent=338675"}],"wp:term":[{"taxonomy":"product_brand","embeddable":true,"href":"https:\/\/gajos.sk\/eshop\/wp-json\/wp\/v2\/product_brand?post=338675"},{"taxonomy":"product_cat","embeddable":true,"href":"https:\/\/gajos.sk\/eshop\/wp-json\/wp\/v2\/product_cat?post=338675"},{"taxonomy":"product_tag","embeddable":true,"href":"https:\/\/gajos.sk\/eshop\/wp-json\/wp\/v2\/product_tag?post=338675"}],"curies":[{"name":"wp","href":"https:\/\/api.w.org\/{rel}","templated":true}]}}