{"id":338640,"date":"2024-03-01T20:11:53","date_gmt":"2024-03-01T19:11:53","guid":{"rendered":"https:\/\/gajostest.a2hosted.com\/eshop\/ff-uwe-be-01-007-nohavice\/"},"modified":"2026-04-18T01:28:40","modified_gmt":"2026-04-17T23:28:40","slug":"ff-uwe-be-01-007-nohavice","status":"publish","type":"product","link":"https:\/\/gajos.sk\/eshop\/p\/ff-uwe-be-01-007-nohavice\/","title":{"rendered":"FF UWE BE-01-007 nohavice"},"content":{"rendered":"","protected":false},"excerpt":{"rendered":"<p>\u2022 p\u00e1nske mont\u00e9rkov\u00e9 nohavice z\u00e1kladn\u00e9ho strihu s dvomi bo\u010dn\u00fdmi vreckami a dvomi vreckami na zadnej \u010dasti<\/p>\n","protected":false},"featured_media":338642,"template":"","meta":{"_acf_changed":false,"inline_featured_image":false},"product_brand":[],"product_cat":[2121,2127,2126],"product_tag":[1228],"class_list":{"0":"post-338640","1":"product","2":"type-product","3":"status-publish","4":"has-post-thumbnail","6":"product_cat-odevy","7":"product_cat-nohavice","8":"product_cat-nohavice-a-overaly","9":"product_tag-fridrich-fridrich","10":"pa_farba-modra","11":"pa_farba-navy","12":"pa_velkost-3161","13":"pa_velkost-3110","14":"pa_velkost-3162","15":"pa_velkost-3112","16":"pa_velkost-3121","17":"pa_velkost-3123","18":"pa_velkost-3155","19":"pa_velkost-3157","20":"pa_velkost-3158","21":"pa_velkost-3159","22":"pa_velkost-3160","24":"first","25":"instock","26":"taxable","27":"shipping-taxable","28":"purchasable","29":"product-type-variable"},"acf":[],"_links":{"self":[{"href":"https:\/\/gajos.sk\/eshop\/wp-json\/wp\/v2\/product\/338640","targetHints":{"allow":["GET"]}}],"collection":[{"href":"https:\/\/gajos.sk\/eshop\/wp-json\/wp\/v2\/product"}],"about":[{"href":"https:\/\/gajos.sk\/eshop\/wp-json\/wp\/v2\/types\/product"}],"wp:featuredmedia":[{"embeddable":true,"href":"https:\/\/gajos.sk\/eshop\/wp-json\/wp\/v2\/media\/338642"}],"wp:attachment":[{"href":"https:\/\/gajos.sk\/eshop\/wp-json\/wp\/v2\/media?parent=338640"}],"wp:term":[{"taxonomy":"product_brand","embeddable":true,"href":"https:\/\/gajos.sk\/eshop\/wp-json\/wp\/v2\/product_brand?post=338640"},{"taxonomy":"product_cat","embeddable":true,"href":"https:\/\/gajos.sk\/eshop\/wp-json\/wp\/v2\/product_cat?post=338640"},{"taxonomy":"product_tag","embeddable":true,"href":"https:\/\/gajos.sk\/eshop\/wp-json\/wp\/v2\/product_tag?post=338640"}],"curies":[{"name":"wp","href":"https:\/\/api.w.org\/{rel}","templated":true}]}}