{"id":338584,"date":"2024-03-01T20:11:40","date_gmt":"2024-03-01T19:11:40","guid":{"rendered":"https:\/\/gajostest.a2hosted.com\/eshop\/knoxfield-275-naprs-nohavice\/"},"modified":"2026-05-07T21:26:27","modified_gmt":"2026-05-07T19:26:27","slug":"knoxfield-275-naprs-nohavice","status":"publish","type":"product","link":"https:\/\/gajos.sk\/eshop\/p\/knoxfield-275-naprs-nohavice\/","title":{"rendered":"KNOXFIELD 275 n\u00e1prs.nohavice"},"content":{"rendered":"","protected":false},"excerpt":{"rendered":"<p>\u2022 p\u00e1nske pracovn\u00e9 nohavice s n\u00e1prsenkou \u2022 elastick\u00e9 traky a p\u00e1s \u2022 2 hlbok\u00e9 bo\u010dn\u00e9 vreck\u00e1 \u2022 1 multifunk\u010dn\u00e9 vrecko na strane nohav\u00edc \u2022 1 skladan\u00e9 multifunk\u010dn\u00e9 n\u00e1prsn\u00e9 vrecko na n\u00e1prsenke \u2022 D kr\u00fa\u017eok na prichytenie identifika\u010dnej karty \u2022 2 skladan\u00e9 zadn\u00e9 vreck\u00e1 s pr\u00edklopkou \u2022 zosilnen\u00e1 oblas\u0165 kolien s mo\u017enos\u0165ou vlo\u017eenia kolenn\u00fdch v\u00fdstuh \u2022 z\u00e1lo\u017eka na nohaviciach umo\u017e\u0148uj\u00faca pred\u013a\u017eenie d\u013a\u017eky a\u017e o 5 cm \u2022 zosilnen\u00e1 zadn\u00e1 strana spodnej \u010dasti nohav\u00edc \u2022 dekorat\u00edvne pre\u0161itie a kontrastn\u00e9 prvky v hi-vis farbe<\/p>\n","protected":false},"featured_media":338586,"template":"","meta":{"_acf_changed":false,"inline_featured_image":false},"product_brand":[],"product_cat":[2127,2121,2126],"product_tag":[1179],"class_list":{"0":"post-338584","1":"product","2":"type-product","3":"status-publish","4":"has-post-thumbnail","6":"product_cat-nohavice","7":"product_cat-odevy","8":"product_cat-nohavice-a-overaly","9":"product_tag-cerva","10":"pa_farba-antracit","11":"pa_farba-antracit-oranzova","12":"pa_farba-antracit-zlta","13":"pa_farba-antracit-cervena","14":"pa_velkost-3159","15":"pa_velkost-3160","16":"pa_velkost-3110","17":"pa_velkost-3161","18":"pa_velkost-3112","19":"pa_velkost-3162","20":"pa_velkost-3114","21":"pa_velkost-3174","22":"pa_velkost-3116","23":"pa_velkost-3175","24":"pa_velkost-3121","25":"pa_velkost-3123","26":"pa_velkost-3155","27":"pa_velkost-3157","28":"pa_velkost-3158","30":"first","31":"instock","32":"taxable","33":"shipping-taxable","34":"purchasable","35":"product-type-variable"},"acf":[],"_links":{"self":[{"href":"https:\/\/gajos.sk\/eshop\/wp-json\/wp\/v2\/product\/338584","targetHints":{"allow":["GET"]}}],"collection":[{"href":"https:\/\/gajos.sk\/eshop\/wp-json\/wp\/v2\/product"}],"about":[{"href":"https:\/\/gajos.sk\/eshop\/wp-json\/wp\/v2\/types\/product"}],"wp:featuredmedia":[{"embeddable":true,"href":"https:\/\/gajos.sk\/eshop\/wp-json\/wp\/v2\/media\/338586"}],"wp:attachment":[{"href":"https:\/\/gajos.sk\/eshop\/wp-json\/wp\/v2\/media?parent=338584"}],"wp:term":[{"taxonomy":"product_brand","embeddable":true,"href":"https:\/\/gajos.sk\/eshop\/wp-json\/wp\/v2\/product_brand?post=338584"},{"taxonomy":"product_cat","embeddable":true,"href":"https:\/\/gajos.sk\/eshop\/wp-json\/wp\/v2\/product_cat?post=338584"},{"taxonomy":"product_tag","embeddable":true,"href":"https:\/\/gajos.sk\/eshop\/wp-json\/wp\/v2\/product_tag?post=338584"}],"curies":[{"name":"wp","href":"https:\/\/api.w.org\/{rel}","templated":true}]}}