{"id":338536,"date":"2024-03-01T20:11:16","date_gmt":"2024-03-01T19:11:16","guid":{"rendered":"https:\/\/gajostest.a2hosted.com\/eshop\/knoxfield-275-nohavice\/"},"modified":"2026-04-29T21:32:09","modified_gmt":"2026-04-29T19:32:09","slug":"knoxfield-275-nohavice","status":"publish","type":"product","link":"https:\/\/gajos.sk\/eshop\/p\/knoxfield-275-nohavice\/","title":{"rendered":"KNOXFIELD 275 nohavice"},"content":{"rendered":"","protected":false},"excerpt":{"rendered":"<p>\u2022 p\u00e1nske pracovn\u00e9 nohavice s elastick\u00fdm p\u00e1som \u2022 2 postrann\u00fdmi vreckami \u2022 1 multifunk\u010dn\u00fdm vreckom na nohavici\u2022 D kr\u00fa\u017eok pre prichytenie identifika\u010dnej karty \u2022 2 skladan\u00e9 zadn\u00e9 vreck\u00e1 s pr\u00edklopkou \u2022 p\u00fatko na n\u00e1radie v kontrastnej farbe \u2022 zosilnen\u00e1 oblas\u0165 kolien s mo\u017enos\u0165ou vlo\u017eenia kolenn\u00fdch v\u00fdstuh \u2022  z\u00e1lo\u017eka na nohaviciach umo\u017e\u0148uj\u00faca pred\u013a\u017eenie d\u013a\u017eky a\u017e o 5 cm \u2022 zosilnen\u00e1 zadn\u00e1 strana spodnej \u010dasti nohav\u00edc \u2022 dekorat\u00edvne  pre\u0161itie a kontrastn\u00e9 prvky v hi-vis farbe<\/p>\n","protected":false},"featured_media":338538,"template":"","meta":{"_acf_changed":false,"inline_featured_image":false},"product_brand":[],"product_cat":[2121,2127,2126],"product_tag":[1179],"class_list":{"0":"post-338536","1":"product","2":"type-product","3":"status-publish","4":"has-post-thumbnail","6":"product_cat-odevy","7":"product_cat-nohavice","8":"product_cat-nohavice-a-overaly","9":"product_tag-cerva","10":"pa_farba-antracit-cervena","11":"pa_farba-antracit","12":"pa_farba-antracit-oranzova","13":"pa_farba-antracit-zlta","14":"pa_velkost-3157","15":"pa_velkost-3158","16":"pa_velkost-3159","17":"pa_velkost-3160","18":"pa_velkost-3110","19":"pa_velkost-3161","20":"pa_velkost-3112","21":"pa_velkost-3162","22":"pa_velkost-3114","23":"pa_velkost-3174","24":"pa_velkost-3116","25":"pa_velkost-3175","26":"pa_velkost-3121","27":"pa_velkost-3123","28":"pa_velkost-3155","30":"first","31":"instock","32":"taxable","33":"shipping-taxable","34":"purchasable","35":"product-type-variable"},"acf":[],"_links":{"self":[{"href":"https:\/\/gajos.sk\/eshop\/wp-json\/wp\/v2\/product\/338536","targetHints":{"allow":["GET"]}}],"collection":[{"href":"https:\/\/gajos.sk\/eshop\/wp-json\/wp\/v2\/product"}],"about":[{"href":"https:\/\/gajos.sk\/eshop\/wp-json\/wp\/v2\/types\/product"}],"wp:featuredmedia":[{"embeddable":true,"href":"https:\/\/gajos.sk\/eshop\/wp-json\/wp\/v2\/media\/338538"}],"wp:attachment":[{"href":"https:\/\/gajos.sk\/eshop\/wp-json\/wp\/v2\/media?parent=338536"}],"wp:term":[{"taxonomy":"product_brand","embeddable":true,"href":"https:\/\/gajos.sk\/eshop\/wp-json\/wp\/v2\/product_brand?post=338536"},{"taxonomy":"product_cat","embeddable":true,"href":"https:\/\/gajos.sk\/eshop\/wp-json\/wp\/v2\/product_cat?post=338536"},{"taxonomy":"product_tag","embeddable":true,"href":"https:\/\/gajos.sk\/eshop\/wp-json\/wp\/v2\/product_tag?post=338536"}],"curies":[{"name":"wp","href":"https:\/\/api.w.org\/{rel}","templated":true}]}}