{"id":338504,"date":"2024-03-01T20:11:08","date_gmt":"2024-03-01T19:11:08","guid":{"rendered":"https:\/\/gajostest.a2hosted.com\/eshop\/knoxfield-hv-dw275-naprs-nohavice\/"},"modified":"2026-04-29T21:32:09","modified_gmt":"2026-04-29T19:32:09","slug":"knoxfield-hv-dw275-naprs-nohavice","status":"publish","type":"product","link":"https:\/\/gajos.sk\/eshop\/p\/knoxfield-hv-dw275-naprs-nohavice\/","title":{"rendered":"KNOXFIELD HV DW275 n\u00e1prs.nohavice"},"content":{"rendered":"","protected":false},"excerpt":{"rendered":"<p>kvalitn\u00e9 p\u00e1nske pracovn\u00e9 nohavice s n\u00e1prsenkou v kombin\u00e1cii s HI-VIS materi\u00e1lom v spodnej \u010dasti nohav\u00edc a 2 na\u0161it\u00fdmi reflexn\u00fdmi pruhmi; elastick\u00e9 traky a p\u00e1s; 6 funk\u010dn\u00fdch vreciek; 600D Oxford zosilnen\u00e1 oblas\u0165 kolien s mo\u017enos\u0165ou vkladania kolenn\u00fdch v\u00fdstuh; z\u00e1lo\u017eka na nohavici umo\u017e\u0148uj\u00faca pred\u013a\u017eenie d\u013a\u017eky a\u017e o 5 cm; dekorat\u00edvne pre\u0161itie a kontrastn\u00e9 prvky v HI-VIS farbe.<\/p>\n","protected":false},"featured_media":338506,"template":"","meta":{"_acf_changed":false,"inline_featured_image":false},"product_brand":[],"product_cat":[2121,2127,2126],"product_tag":[1179],"class_list":{"0":"post-338504","1":"product","2":"type-product","3":"status-publish","4":"has-post-thumbnail","6":"product_cat-odevy","7":"product_cat-nohavice","8":"product_cat-nohavice-a-overaly","9":"product_tag-cerva","10":"pa_farba-antracit-oranzova","11":"pa_farba-antracit-zlta","12":"pa_farba-antracit-cervena","13":"pa_velkost-3110","14":"pa_velkost-3121","15":"pa_velkost-3123","16":"pa_velkost-3155","17":"pa_velkost-3157","18":"pa_velkost-3158","19":"pa_velkost-3159","20":"pa_velkost-3160","21":"pa_velkost-3161","22":"pa_velkost-3162","24":"first","25":"instock","26":"taxable","27":"shipping-taxable","28":"purchasable","29":"product-type-variable"},"acf":[],"_links":{"self":[{"href":"https:\/\/gajos.sk\/eshop\/wp-json\/wp\/v2\/product\/338504","targetHints":{"allow":["GET"]}}],"collection":[{"href":"https:\/\/gajos.sk\/eshop\/wp-json\/wp\/v2\/product"}],"about":[{"href":"https:\/\/gajos.sk\/eshop\/wp-json\/wp\/v2\/types\/product"}],"wp:featuredmedia":[{"embeddable":true,"href":"https:\/\/gajos.sk\/eshop\/wp-json\/wp\/v2\/media\/338506"}],"wp:attachment":[{"href":"https:\/\/gajos.sk\/eshop\/wp-json\/wp\/v2\/media?parent=338504"}],"wp:term":[{"taxonomy":"product_brand","embeddable":true,"href":"https:\/\/gajos.sk\/eshop\/wp-json\/wp\/v2\/product_brand?post=338504"},{"taxonomy":"product_cat","embeddable":true,"href":"https:\/\/gajos.sk\/eshop\/wp-json\/wp\/v2\/product_cat?post=338504"},{"taxonomy":"product_tag","embeddable":true,"href":"https:\/\/gajos.sk\/eshop\/wp-json\/wp\/v2\/product_tag?post=338504"}],"curies":[{"name":"wp","href":"https:\/\/api.w.org\/{rel}","templated":true}]}}