{"id":338462,"date":"2024-03-01T20:09:57","date_gmt":"2024-03-01T19:09:57","guid":{"rendered":"https:\/\/gajostest.a2hosted.com\/eshop\/knoxfield-hv-fl290-naprs-nohavice\/"},"modified":"2026-04-29T21:32:09","modified_gmt":"2026-04-29T19:32:09","slug":"knoxfield-hv-fl290-naprs-nohavice","status":"publish","type":"product","link":"https:\/\/gajos.sk\/eshop\/p\/knoxfield-hv-fl290-naprs-nohavice\/","title":{"rendered":"KNOXFIELD HV FL290 n\u00e1prs.nohavice"},"content":{"rendered":"","protected":false},"excerpt":{"rendered":"<p>\u2022 p\u00e1nske pracovn\u00e9 nohavice s n\u00e1prsenkou v hi-vis preveden\u00ed \u2022 elastick\u00e9 traky a p\u00e1s \u2022 2 hlbok\u00e9 bo\u010dn\u00e9 vreck\u00e1 \u2022 1 multifunk\u010dn\u00e9 vrecko  na strane nohavice \u2022 1 skladan\u00e9 multifunk\u010dn\u00e9 n\u00e1prsn\u00e9 vrecko na n\u00e1prsenke \u2022 D kr\u00fa\u017eok na prichytenie identifika\u010dnej karty \u2022 2 skladan\u00e9 zadn\u00e9 vreck\u00e1 s pr\u00edklopkou \u2022 zosilnen\u00e1 oblas\u0165 kolien s mo\u017enos\u0165ou vlo\u017eenia kolenn\u00fdch v\u00fdstuh \u2022 z\u00e1lo\u017eka na nohaviciach umo\u017e\u0148uj\u00faca pred\u013a\u017eenie d\u013a\u017eky a\u017e o 5 cm \u2022 zosilnen\u00e1 zadn\u00e1 strana spodnej \u010dasti nohav\u00edc \u2022 dekorat\u00edvne pre\u0161itie<\/p>\n","protected":false},"featured_media":338464,"template":"","meta":{"_acf_changed":false,"inline_featured_image":false},"product_brand":[],"product_cat":[2121,2127,2126],"product_tag":[1179],"class_list":{"0":"post-338462","1":"product","2":"type-product","3":"status-publish","4":"has-post-thumbnail","6":"product_cat-odevy","7":"product_cat-nohavice","8":"product_cat-nohavice-a-overaly","9":"product_tag-cerva","10":"pa_farba-oranzova","11":"pa_farba-zlta-oranzova","12":"pa_farba-zlta","13":"pa_farba-cervena","14":"pa_velkost-3162","15":"pa_velkost-3110","16":"pa_velkost-3121","17":"pa_velkost-3123","18":"pa_velkost-3155","19":"pa_velkost-3157","20":"pa_velkost-3158","21":"pa_velkost-3159","22":"pa_velkost-3160","23":"pa_velkost-3161","25":"first","26":"instock","27":"taxable","28":"shipping-taxable","29":"purchasable","30":"product-type-variable"},"acf":[],"_links":{"self":[{"href":"https:\/\/gajos.sk\/eshop\/wp-json\/wp\/v2\/product\/338462","targetHints":{"allow":["GET"]}}],"collection":[{"href":"https:\/\/gajos.sk\/eshop\/wp-json\/wp\/v2\/product"}],"about":[{"href":"https:\/\/gajos.sk\/eshop\/wp-json\/wp\/v2\/types\/product"}],"wp:featuredmedia":[{"embeddable":true,"href":"https:\/\/gajos.sk\/eshop\/wp-json\/wp\/v2\/media\/338464"}],"wp:attachment":[{"href":"https:\/\/gajos.sk\/eshop\/wp-json\/wp\/v2\/media?parent=338462"}],"wp:term":[{"taxonomy":"product_brand","embeddable":true,"href":"https:\/\/gajos.sk\/eshop\/wp-json\/wp\/v2\/product_brand?post=338462"},{"taxonomy":"product_cat","embeddable":true,"href":"https:\/\/gajos.sk\/eshop\/wp-json\/wp\/v2\/product_cat?post=338462"},{"taxonomy":"product_tag","embeddable":true,"href":"https:\/\/gajos.sk\/eshop\/wp-json\/wp\/v2\/product_tag?post=338462"}],"curies":[{"name":"wp","href":"https:\/\/api.w.org\/{rel}","templated":true}]}}