{"id":338430,"date":"2024-03-01T20:09:50","date_gmt":"2024-03-01T19:09:50","guid":{"rendered":"https:\/\/gajostest.a2hosted.com\/eshop\/knoxfield-hv-dw275-nohavice\/"},"modified":"2026-04-29T21:32:09","modified_gmt":"2026-04-29T19:32:09","slug":"knoxfield-hv-dw275-nohavice","status":"publish","type":"product","link":"https:\/\/gajos.sk\/eshop\/p\/knoxfield-hv-dw275-nohavice\/","title":{"rendered":"KNOXFIELD HV DW275 nohavice"},"content":{"rendered":"","protected":false},"excerpt":{"rendered":"<p>\u2022\u00a0p\u00e1nske pracovn\u00e9 nohavice v kombin\u00e1cii s hi-vis materi\u00e1lom v spodnej \u010dasti nohav\u00edc a 2 na\u0161it\u00fdmi reflexn\u00fdmi pruhmi \u2022\u00a0elastick\u00fd p\u00e1s \u2022\u00a02 bo\u010dn\u00e9 vreck\u00e1 \u2022\u00a01 multifunk\u010dn\u00e9 vrecko na nohavici \u2022\u00a0D kr\u00fa\u017eok na prichytenie identifika\u010dnej karty \u2022\u00a02 skladan\u00e9 zadn\u00e9 vreck\u00e1 s pr\u00edklopkou \u2022\u00a0p\u00fatko na n\u00e1radie v kontrastnej farbe \u2022\u00a0zosilnen\u00e1 oblas\u0165 kolien s mo\u017enos\u0165ou vlo\u017eenia kolenn\u00fdch v\u00fdstuh \u2022\u00a0z\u00e1lo\u017eka na nohavici umo\u017e\u0148uj\u00faca pred\u013a\u017eenie d\u013a\u017eky a\u017e o 5 cm \u2022\u00a0zosilnen\u00e1 zadn\u00e1 strana spodnej \u010dasti nohav\u00edc \u2022\u00a0dekorat\u00edvne pre\u0161itie a kontrastn\u00e9 prvky v hi-vis farbe<\/p>\n","protected":false},"featured_media":338432,"template":"","meta":{"_acf_changed":false,"inline_featured_image":false},"product_brand":[],"product_cat":[2121,2127,2126],"product_tag":[1179],"class_list":{"0":"post-338430","1":"product","2":"type-product","3":"status-publish","4":"has-post-thumbnail","6":"product_cat-odevy","7":"product_cat-nohavice","8":"product_cat-nohavice-a-overaly","9":"product_tag-cerva","10":"pa_farba-antracit-oranzova","11":"pa_farba-antracit-zlta","12":"pa_farba-antracit-cervena","13":"pa_velkost-3159","14":"pa_velkost-3160","15":"pa_velkost-3161","16":"pa_velkost-3162","17":"pa_velkost-3110","18":"pa_velkost-3121","19":"pa_velkost-3123","20":"pa_velkost-3155","21":"pa_velkost-3157","22":"pa_velkost-3158","24":"first","25":"instock","26":"taxable","27":"shipping-taxable","28":"purchasable","29":"product-type-variable"},"acf":[],"_links":{"self":[{"href":"https:\/\/gajos.sk\/eshop\/wp-json\/wp\/v2\/product\/338430","targetHints":{"allow":["GET"]}}],"collection":[{"href":"https:\/\/gajos.sk\/eshop\/wp-json\/wp\/v2\/product"}],"about":[{"href":"https:\/\/gajos.sk\/eshop\/wp-json\/wp\/v2\/types\/product"}],"wp:featuredmedia":[{"embeddable":true,"href":"https:\/\/gajos.sk\/eshop\/wp-json\/wp\/v2\/media\/338432"}],"wp:attachment":[{"href":"https:\/\/gajos.sk\/eshop\/wp-json\/wp\/v2\/media?parent=338430"}],"wp:term":[{"taxonomy":"product_brand","embeddable":true,"href":"https:\/\/gajos.sk\/eshop\/wp-json\/wp\/v2\/product_brand?post=338430"},{"taxonomy":"product_cat","embeddable":true,"href":"https:\/\/gajos.sk\/eshop\/wp-json\/wp\/v2\/product_cat?post=338430"},{"taxonomy":"product_tag","embeddable":true,"href":"https:\/\/gajos.sk\/eshop\/wp-json\/wp\/v2\/product_tag?post=338430"}],"curies":[{"name":"wp","href":"https:\/\/api.w.org\/{rel}","templated":true}]}}