{"id":338377,"date":"2024-03-01T20:09:33","date_gmt":"2024-03-01T19:09:33","guid":{"rendered":"https:\/\/gajostest.a2hosted.com\/eshop\/latton-nohavice\/"},"modified":"2026-04-29T21:32:09","modified_gmt":"2026-04-29T19:32:09","slug":"latton-nohavice","status":"publish","type":"product","link":"https:\/\/gajos.sk\/eshop\/p\/latton-nohavice\/","title":{"rendered":"LATTON nohavice"},"content":{"rendered":"","protected":false},"excerpt":{"rendered":"<p>\u2022 p\u00e1nske nohavice v atrakt\u00edvnom preveden\u00ed kombin\u00e1cie 2 hi-vis farieb s reflexn\u00fdmi natla\u010den\u00fdmi pruhmi \u2022 2 hlbok\u00e9 predn\u00e9 vreck\u00e1 \u2022 1 multifunk\u010dn\u00e9 vrecko po stran\u00e1ch nohavice \u2022 2 zadn\u00e9 vreck\u00e1 s pr\u00edklopkou \u2022 elastick\u00fd p\u00e1s a p\u00fatko na n\u00e1radie<\/p>\n","protected":false},"featured_media":338379,"template":"","meta":{"_acf_changed":false,"inline_featured_image":false},"product_brand":[],"product_cat":[2127,2121,2126],"product_tag":[1179],"class_list":{"0":"post-338377","1":"product","2":"type-product","3":"status-publish","4":"has-post-thumbnail","6":"product_cat-nohavice","7":"product_cat-odevy","8":"product_cat-nohavice-a-overaly","9":"product_tag-cerva","10":"pa_farba-zlta-oranzova","11":"pa_velkost-3161","12":"pa_velkost-3110","13":"pa_velkost-3121","14":"pa_velkost-3123","15":"pa_velkost-3155","16":"pa_velkost-3157","17":"pa_velkost-3158","18":"pa_velkost-3159","19":"pa_velkost-3160","21":"first","22":"instock","23":"taxable","24":"shipping-taxable","25":"purchasable","26":"product-type-variable"},"acf":[],"_links":{"self":[{"href":"https:\/\/gajos.sk\/eshop\/wp-json\/wp\/v2\/product\/338377","targetHints":{"allow":["GET"]}}],"collection":[{"href":"https:\/\/gajos.sk\/eshop\/wp-json\/wp\/v2\/product"}],"about":[{"href":"https:\/\/gajos.sk\/eshop\/wp-json\/wp\/v2\/types\/product"}],"wp:featuredmedia":[{"embeddable":true,"href":"https:\/\/gajos.sk\/eshop\/wp-json\/wp\/v2\/media\/338379"}],"wp:attachment":[{"href":"https:\/\/gajos.sk\/eshop\/wp-json\/wp\/v2\/media?parent=338377"}],"wp:term":[{"taxonomy":"product_brand","embeddable":true,"href":"https:\/\/gajos.sk\/eshop\/wp-json\/wp\/v2\/product_brand?post=338377"},{"taxonomy":"product_cat","embeddable":true,"href":"https:\/\/gajos.sk\/eshop\/wp-json\/wp\/v2\/product_cat?post=338377"},{"taxonomy":"product_tag","embeddable":true,"href":"https:\/\/gajos.sk\/eshop\/wp-json\/wp\/v2\/product_tag?post=338377"}],"curies":[{"name":"wp","href":"https:\/\/api.w.org\/{rel}","templated":true}]}}