{"id":338345,"date":"2024-03-01T20:09:17","date_gmt":"2024-03-01T19:09:17","guid":{"rendered":"https:\/\/gajostest.a2hosted.com\/eshop\/max-winter-rflx-naprs-nohavice\/"},"modified":"2026-04-29T21:32:09","modified_gmt":"2026-04-29T19:32:09","slug":"max-winter-rflx-naprs-nohavice","status":"publish","type":"product","link":"https:\/\/gajos.sk\/eshop\/p\/max-winter-rflx-naprs-nohavice\/","title":{"rendered":"MAX WINTER RFLX n\u00e1prs.nohavice"},"content":{"rendered":"","protected":false},"excerpt":{"rendered":"<p>\u2022 inovovan\u00e1 verzia ob\u013e\u00faben\u00fdch  zimn\u00fdch nohav\u00edc s n\u00e1prsenkou MAX doplnen\u00e1 o reflexn\u00e9 pruhy po obvode nohav\u00edc<\/p>\n","protected":false},"featured_media":338347,"template":"","meta":{"_acf_changed":false,"inline_featured_image":false},"product_brand":[],"product_cat":[2121,2127,2126],"product_tag":[1179],"class_list":{"0":"post-338345","1":"product","2":"type-product","3":"status-publish","4":"has-post-thumbnail","6":"product_cat-odevy","7":"product_cat-nohavice","8":"product_cat-nohavice-a-overaly","9":"product_tag-cerva","10":"pa_farba-modra-cierna","11":"pa_farba-cerna-cervena","12":"pa_farba-zelena-cierna","13":"pa_velkost-3157","14":"pa_velkost-3158","15":"pa_velkost-3159","16":"pa_velkost-3160","17":"pa_velkost-3161","18":"pa_velkost-3162","19":"pa_velkost-3110","20":"pa_velkost-3121","21":"pa_velkost-3123","22":"pa_velkost-3155","24":"first","25":"instock","26":"taxable","27":"shipping-taxable","28":"purchasable","29":"product-type-variable"},"acf":[],"_links":{"self":[{"href":"https:\/\/gajos.sk\/eshop\/wp-json\/wp\/v2\/product\/338345","targetHints":{"allow":["GET"]}}],"collection":[{"href":"https:\/\/gajos.sk\/eshop\/wp-json\/wp\/v2\/product"}],"about":[{"href":"https:\/\/gajos.sk\/eshop\/wp-json\/wp\/v2\/types\/product"}],"wp:featuredmedia":[{"embeddable":true,"href":"https:\/\/gajos.sk\/eshop\/wp-json\/wp\/v2\/media\/338347"}],"wp:attachment":[{"href":"https:\/\/gajos.sk\/eshop\/wp-json\/wp\/v2\/media?parent=338345"}],"wp:term":[{"taxonomy":"product_brand","embeddable":true,"href":"https:\/\/gajos.sk\/eshop\/wp-json\/wp\/v2\/product_brand?post=338345"},{"taxonomy":"product_cat","embeddable":true,"href":"https:\/\/gajos.sk\/eshop\/wp-json\/wp\/v2\/product_cat?post=338345"},{"taxonomy":"product_tag","embeddable":true,"href":"https:\/\/gajos.sk\/eshop\/wp-json\/wp\/v2\/product_tag?post=338345"}],"curies":[{"name":"wp","href":"https:\/\/api.w.org\/{rel}","templated":true}]}}