{"id":338313,"date":"2024-03-01T20:09:05","date_gmt":"2024-03-01T19:09:05","guid":{"rendered":"https:\/\/gajostest.a2hosted.com\/eshop\/rahan-oteplene-nohavice\/"},"modified":"2026-04-25T21:34:42","modified_gmt":"2026-04-25T19:34:42","slug":"rahan-oteplene-nohavice","status":"publish","type":"product","link":"https:\/\/gajos.sk\/eshop\/p\/rahan-oteplene-nohavice\/","title":{"rendered":"RAHAN oteplen\u00e9 nohavice"},"content":{"rendered":"","protected":false},"excerpt":{"rendered":"<p>P\u00e1nske zateplen\u00e9 kargo nohavice, vrchn\u00fd materi\u00e1l 100% bavlna kanvas 235 gsm, vn\u00fatorn\u00e1 strana 100% polyester fleece &#8211; 160gsm, 2 kargo vreck\u00e1 na bokoch nohav\u00edc, 2 predn\u00e9 li\u0161tov\u00e9 vreck\u00e1, 2 zadn\u00e9 vreck\u00e1 s pr\u00edklopkou na cvok, dekorat\u00edvne pre\u0161itie, dobr\u00fd strih.<\/p>\n","protected":false},"featured_media":338315,"template":"","meta":{"_acf_changed":false,"inline_featured_image":false},"product_brand":[],"product_cat":[2121,2127,2126],"product_tag":[1244],"class_list":{"0":"post-338313","1":"product","2":"type-product","3":"status-publish","4":"has-post-thumbnail","6":"product_cat-odevy","7":"product_cat-nohavice","8":"product_cat-nohavice-a-overaly","9":"product_tag-crv","10":"pa_farba-olivova","11":"pa_farba-cierna","12":"pa_velkost-l","13":"pa_velkost-m","14":"pa_velkost-s","15":"pa_velkost-3xl","16":"pa_velkost-xxl","17":"pa_velkost-xl","19":"first","20":"instock","21":"taxable","22":"shipping-taxable","23":"purchasable","24":"product-type-variable"},"acf":[],"_links":{"self":[{"href":"https:\/\/gajos.sk\/eshop\/wp-json\/wp\/v2\/product\/338313","targetHints":{"allow":["GET"]}}],"collection":[{"href":"https:\/\/gajos.sk\/eshop\/wp-json\/wp\/v2\/product"}],"about":[{"href":"https:\/\/gajos.sk\/eshop\/wp-json\/wp\/v2\/types\/product"}],"wp:featuredmedia":[{"embeddable":true,"href":"https:\/\/gajos.sk\/eshop\/wp-json\/wp\/v2\/media\/338315"}],"wp:attachment":[{"href":"https:\/\/gajos.sk\/eshop\/wp-json\/wp\/v2\/media?parent=338313"}],"wp:term":[{"taxonomy":"product_brand","embeddable":true,"href":"https:\/\/gajos.sk\/eshop\/wp-json\/wp\/v2\/product_brand?post=338313"},{"taxonomy":"product_cat","embeddable":true,"href":"https:\/\/gajos.sk\/eshop\/wp-json\/wp\/v2\/product_cat?post=338313"},{"taxonomy":"product_tag","embeddable":true,"href":"https:\/\/gajos.sk\/eshop\/wp-json\/wp\/v2\/product_tag?post=338313"}],"curies":[{"name":"wp","href":"https:\/\/api.w.org\/{rel}","templated":true}]}}